{"id":2242,"date":"2023-04-26T08:49:00","date_gmt":"2023-04-26T06:49:00","guid":{"rendered":"https:\/\/www.hdz-bawue.de\/partners\/"},"modified":"2023-10-13T11:20:20","modified_gmt":"2023-10-13T09:20:20","slug":"partners","status":"publish","type":"page","link":"https:\/\/www.hdz-bawue.de\/en\/partners\/","title":{"rendered":"Partners"},"content":{"rendered":"<p>[et_pb_section fb_built=&#8221;1&#8243; admin_label=&#8221;section&#8221; _builder_version=&#8221;4.20.0&#8243; background_color=&#8221;#FFFFFF&#8221; background_image=&#8221;https:\/\/www.hdz-bawue.de\/wp-content\/uploads\/2023\/04\/headerbild.png&#8221; custom_padding=&#8221;200px||||false|false&#8221; global_colors_info=&#8221;{}&#8221;][et_pb_row module_class=&#8221;welle-oben&#8221; _builder_version=&#8221;4.20.0&#8243; _module_preset=&#8221;default&#8221; width=&#8221;100%&#8221; max_width=&#8221;100vw&#8221; custom_padding=&#8221;0px||0px||false|false&#8221; locked=&#8221;off&#8221; global_colors_info=&#8221;{}&#8221;][et_pb_column type=&#8221;4_4&#8243; _builder_version=&#8221;4.20.0&#8243; _module_preset=&#8221;default&#8221; global_colors_info=&#8221;{}&#8221;][et_pb_image src=&#8221;https:\/\/www.hdz-bawue.de\/wp-content\/uploads\/2023\/04\/welle_oben.png&#8221; title_text=&#8221;welle_oben&#8221; _builder_version=&#8221;4.20.0&#8243; _module_preset=&#8221;default&#8221; width=&#8221;100%&#8221; global_colors_info=&#8221;{}&#8221;][\/et_pb_image][\/et_pb_column][\/et_pb_row][et_pb_row use_custom_gutter=&#8221;on&#8221; gutter_width=&#8221;1&#8243; make_equal=&#8221;on&#8221; custom_padding_last_edited=&#8221;on|phone&#8221; admin_label=&#8221;row&#8221; _builder_version=&#8221;4.20.0&#8243; background_size=&#8221;initial&#8221; background_position=&#8221;top_left&#8221; background_repeat=&#8221;repeat&#8221; module_alignment=&#8221;center&#8221; custom_margin=&#8221;||||false|false&#8221; custom_margin_tablet=&#8221;0px||||false|false&#8221; custom_margin_phone=&#8221;0px||||false|false&#8221; custom_margin_last_edited=&#8221;on|desktop&#8221; custom_padding=&#8221;130px||||false|false&#8221; custom_padding_tablet=&#8221;50px||||false|false&#8221; custom_padding_phone=&#8221;20px||||false|false&#8221; global_colors_info=&#8221;{}&#8221;][et_pb_column type=&#8221;4_4&#8243; _builder_version=&#8221;4.20.0&#8243; custom_padding=&#8221;|||&#8221; custom_css_main_element=&#8221;margin:auto;&#8221; global_colors_info=&#8221;{}&#8221; custom_padding__hover=&#8221;|||&#8221;][et_pb_text admin_label=&#8221;Das HDZ&#8221; module_class=&#8221;sub-headline&#8221; _builder_version=&#8221;4.20.0&#8243; _module_preset=&#8221;default&#8221; custom_padding=&#8221;||30px||false|false&#8221; global_colors_info=&#8221;{}&#8221;]<\/p>\n<p><strong>Das HDZ<\/strong><\/p>\n<p>[\/et_pb_text][et_pb_text admin_label=&#8221;Zielgruppen.&#8221; _builder_version=&#8221;4.22.1&#8243; _module_preset=&#8221;default&#8221; custom_padding=&#8221;||30px||false|false&#8221; hover_enabled=&#8221;0&#8243; global_colors_info=&#8221;{}&#8221; sticky_enabled=&#8221;0&#8243;]<\/p>\n<h1>Partners.<\/h1>\n<p>[\/et_pb_text][et_pb_text module_class=&#8221;teaser-text&#8221; _builder_version=&#8221;4.22.1&#8243; _module_preset=&#8221;default&#8221; custom_padding=&#8221;||30px||false|false&#8221; hover_enabled=&#8221;0&#8243; global_colors_info=&#8221;{}&#8221; sticky_enabled=&#8221;0&#8243;]<\/p>\n<p>The HDZ cooperates with the university departments described below. Most of the courses offered by these departments count towards the Baden-W\u00fcrttemberg Certificate for Teaching and Learning at University Level.\u00a0<\/p>\n<p>[\/et_pb_text][et_pb_text module_class=&#8221;darkblue&#8221; _builder_version=&#8221;4.22.1&#8243; _module_preset=&#8221;default&#8221; custom_margin=&#8221;||0px||false|false&#8221; custom_padding=&#8221;||0px||false|false&#8221; hover_enabled=&#8221;0&#8243; global_colors_info=&#8221;{}&#8221; sticky_enabled=&#8221;0&#8243;]<\/p>\n<p><strong>Partnership with the Kompetenzzentrum Medizindidaktik Baden-W\u00fcrttemberg<\/strong><\/p>\n<p>[\/et_pb_text][et_pb_text _builder_version=&#8221;4.22.1&#8243; _module_preset=&#8221;default&#8221; custom_padding=&#8221;||30px||false|false&#8221; hover_enabled=&#8221;0&#8243; global_colors_info=&#8221;{}&#8221; sticky_enabled=&#8221;0&#8243;]<\/p>\n<p>The Kompetenzzentrum Medizindidaktik Baden-W\u00fcrttemberg, located at the University of T\u00fcbingen, offers a comprehensive course programme for higher education teachers in the field of medicine. The goal is to continuously develop and improve the quality of medical education by applying interdiscipli-nary, problem-based and learner-focused teaching and learning methods. The content, format and scope of the qualification programme are based on and inspected according to international standards. The two-tier qualification for teaching \u201cMedical Teaching Qualification I and II\u201d corresponds to the modules I-III of the HDZ and is also part of the independent Baden-W\u00fcrttemberg certificate for medi-cine didactics (Baden-W\u00fcrttemberg-Zertifikat Medizindidaktik).<\/p>\n<p>[\/et_pb_text][\/et_pb_column][\/et_pb_row][et_pb_row column_structure=&#8221;1_2,1_2&#8243; use_custom_gutter=&#8221;on&#8221; gutter_width=&#8221;1&#8243; make_equal=&#8221;on&#8221; admin_label=&#8221;row&#8221; _builder_version=&#8221;4.20.0&#8243; background_size=&#8221;initial&#8221; background_position=&#8221;top_left&#8221; background_repeat=&#8221;repeat&#8221; module_alignment=&#8221;center&#8221; custom_padding=&#8221;0px||||false|false&#8221; global_colors_info=&#8221;{}&#8221;][et_pb_column type=&#8221;1_2&#8243; _builder_version=&#8221;4.20.0&#8243; custom_padding=&#8221;|||&#8221; custom_css_main_element=&#8221;margin:auto;&#8221; global_colors_info=&#8221;{}&#8221; custom_padding__hover=&#8221;|||&#8221;][et_pb_blurb module_class=&#8221;contact-module &#8221; _builder_version=&#8221;4.22.1&#8243; _module_preset=&#8221;default&#8221; background_enable_color=&#8221;off&#8221; hover_enabled=&#8221;0&#8243; global_colors_info=&#8221;{}&#8221; sticky_enabled=&#8221;0&#8243;]<\/p>\n<h3>Kontakt<\/h3>\n<p><strong>Kompetenzzentrum f\u00fcr Hochschuldidaktik<\/strong><br \/><strong>in Medizin Baden-W\u00fcrttemberg<\/strong><br \/>Elfriede-Aulhorn-Str. 10<br \/>D-72076 T\u00fcbingen<br \/>Telefon: 07071\/29 77974<br \/><strong><a href=\"http:\/\/www.medidaktik.de\">www.medidaktik.de<\/a><\/strong><\/p>\n<p>[\/et_pb_blurb][\/et_pb_column][et_pb_column type=&#8221;1_2&#8243; _builder_version=&#8221;4.20.0&#8243; custom_padding=&#8221;|||&#8221; custom_css_main_element=&#8221;margin:auto;&#8221; global_colors_info=&#8221;{}&#8221; custom_padding__hover=&#8221;|||&#8221;][\/et_pb_column][\/et_pb_row][\/et_pb_section]<\/p>\n","protected":false},"excerpt":{"rendered":"<p>Das HDZPartners.The HDZ cooperates with the university departments described below. Most of the courses offered by these departments count towards the Baden-W\u00fcrttemberg Certificate for Teaching and Learning at University Level.\u00a0Partnership with the Kompetenzzentrum Medizindidaktik Baden-W\u00fcrttembergThe Kompetenzzentrum Medizindidaktik Baden-W\u00fcrttemberg, located at the University of T\u00fcbingen, offers a comprehensive course programme for higher education teachers in the [&hellip;]<\/p>\n","protected":false},"author":1,"featured_media":0,"parent":0,"menu_order":0,"comment_status":"closed","ping_status":"closed","template":"","meta":{"_acf_changed":false,"_et_pb_use_builder":"on","_et_pb_old_content":"","_et_gb_content_width":"","inline_featured_image":false,"footnotes":""},"class_list":["post-2242","page","type-page","status-publish","hentry"],"acf":[],"yoast_head":"<!-- This site is optimized with the Yoast SEO plugin v27.2 - https:\/\/yoast.com\/product\/yoast-seo-wordpress\/ -->\n<title>Partners - HDZ<\/title>\n<meta name=\"robots\" content=\"index, follow, max-snippet:-1, max-image-preview:large, max-video-preview:-1\" \/>\n<link rel=\"canonical\" href=\"https:\/\/www.hdz-bawue.de\/en\/partners\/\" \/>\n<meta property=\"og:locale\" content=\"en_US\" \/>\n<meta property=\"og:type\" content=\"article\" \/>\n<meta property=\"og:title\" content=\"Partners - HDZ\" \/>\n<meta property=\"og:description\" content=\"Das HDZPartners.The HDZ cooperates with the university departments described below. Most of the courses offered by these departments count towards the Baden-W\u00fcrttemberg Certificate for Teaching and Learning at University Level.\u00a0Partnership with the Kompetenzzentrum Medizindidaktik Baden-W\u00fcrttembergThe Kompetenzzentrum Medizindidaktik Baden-W\u00fcrttemberg, located at the University of T\u00fcbingen, offers a comprehensive course programme for higher education teachers in the [&hellip;]\" \/>\n<meta property=\"og:url\" content=\"https:\/\/www.hdz-bawue.de\/en\/partners\/\" \/>\n<meta property=\"og:site_name\" content=\"HDZ\" \/>\n<meta property=\"article:modified_time\" content=\"2023-10-13T09:20:20+00:00\" \/>\n<meta name=\"twitter:card\" content=\"summary_large_image\" \/>\n<meta name=\"twitter:label1\" content=\"Est. reading time\" \/>\n\t<meta name=\"twitter:data1\" content=\"3 minutes\" \/>\n<script type=\"application\/ld+json\" class=\"yoast-schema-graph\">{\"@context\":\"https:\/\/schema.org\",\"@graph\":[{\"@type\":\"WebPage\",\"@id\":\"https:\/\/www.hdz-bawue.de\/en\/partners\/\",\"url\":\"https:\/\/www.hdz-bawue.de\/en\/partners\/\",\"name\":\"Partners - HDZ\",\"isPartOf\":{\"@id\":\"https:\/\/www.hdz-bawue.de\/#website\"},\"datePublished\":\"2023-04-26T06:49:00+00:00\",\"dateModified\":\"2023-10-13T09:20:20+00:00\",\"breadcrumb\":{\"@id\":\"https:\/\/www.hdz-bawue.de\/en\/partners\/#breadcrumb\"},\"inLanguage\":\"en-US\",\"potentialAction\":[{\"@type\":\"ReadAction\",\"target\":[\"https:\/\/www.hdz-bawue.de\/en\/partners\/\"]}]},{\"@type\":\"BreadcrumbList\",\"@id\":\"https:\/\/www.hdz-bawue.de\/en\/partners\/#breadcrumb\",\"itemListElement\":[{\"@type\":\"ListItem\",\"position\":1,\"name\":\"Startseite\",\"item\":\"https:\/\/www.hdz-bawue.de\/en\/\"},{\"@type\":\"ListItem\",\"position\":2,\"name\":\"Partners\"}]},{\"@type\":\"WebSite\",\"@id\":\"https:\/\/www.hdz-bawue.de\/#website\",\"url\":\"https:\/\/www.hdz-bawue.de\/\",\"name\":\"HDZ\",\"description\":\"\",\"potentialAction\":[{\"@type\":\"SearchAction\",\"target\":{\"@type\":\"EntryPoint\",\"urlTemplate\":\"https:\/\/www.hdz-bawue.de\/?s={search_term_string}\"},\"query-input\":{\"@type\":\"PropertyValueSpecification\",\"valueRequired\":true,\"valueName\":\"search_term_string\"}}],\"inLanguage\":\"en-US\"}]}<\/script>\n<!-- \/ Yoast SEO plugin. -->","yoast_head_json":{"title":"Partners - HDZ","robots":{"index":"index","follow":"follow","max-snippet":"max-snippet:-1","max-image-preview":"max-image-preview:large","max-video-preview":"max-video-preview:-1"},"canonical":"https:\/\/www.hdz-bawue.de\/en\/partners\/","og_locale":"en_US","og_type":"article","og_title":"Partners - HDZ","og_description":"Das HDZPartners.The HDZ cooperates with the university departments described below. Most of the courses offered by these departments count towards the Baden-W\u00fcrttemberg Certificate for Teaching and Learning at University Level.\u00a0Partnership with the Kompetenzzentrum Medizindidaktik Baden-W\u00fcrttembergThe Kompetenzzentrum Medizindidaktik Baden-W\u00fcrttemberg, located at the University of T\u00fcbingen, offers a comprehensive course programme for higher education teachers in the [&hellip;]","og_url":"https:\/\/www.hdz-bawue.de\/en\/partners\/","og_site_name":"HDZ","article_modified_time":"2023-10-13T09:20:20+00:00","twitter_card":"summary_large_image","twitter_misc":{"Est. reading time":"3 minutes"},"schema":{"@context":"https:\/\/schema.org","@graph":[{"@type":"WebPage","@id":"https:\/\/www.hdz-bawue.de\/en\/partners\/","url":"https:\/\/www.hdz-bawue.de\/en\/partners\/","name":"Partners - HDZ","isPartOf":{"@id":"https:\/\/www.hdz-bawue.de\/#website"},"datePublished":"2023-04-26T06:49:00+00:00","dateModified":"2023-10-13T09:20:20+00:00","breadcrumb":{"@id":"https:\/\/www.hdz-bawue.de\/en\/partners\/#breadcrumb"},"inLanguage":"en-US","potentialAction":[{"@type":"ReadAction","target":["https:\/\/www.hdz-bawue.de\/en\/partners\/"]}]},{"@type":"BreadcrumbList","@id":"https:\/\/www.hdz-bawue.de\/en\/partners\/#breadcrumb","itemListElement":[{"@type":"ListItem","position":1,"name":"Startseite","item":"https:\/\/www.hdz-bawue.de\/en\/"},{"@type":"ListItem","position":2,"name":"Partners"}]},{"@type":"WebSite","@id":"https:\/\/www.hdz-bawue.de\/#website","url":"https:\/\/www.hdz-bawue.de\/","name":"HDZ","description":"","potentialAction":[{"@type":"SearchAction","target":{"@type":"EntryPoint","urlTemplate":"https:\/\/www.hdz-bawue.de\/?s={search_term_string}"},"query-input":{"@type":"PropertyValueSpecification","valueRequired":true,"valueName":"search_term_string"}}],"inLanguage":"en-US"}]}},"publishpress_future_action":{"enabled":false,"date":"2026-04-23 04:37:51","action":"change-status","newStatus":"draft","terms":[],"taxonomy":"translation_priority","extraData":[]},"publishpress_future_workflow_manual_trigger":{"enabledWorkflows":[]},"_links":{"self":[{"href":"https:\/\/www.hdz-bawue.de\/en\/wp-json\/wp\/v2\/pages\/2242","targetHints":{"allow":["GET"]}}],"collection":[{"href":"https:\/\/www.hdz-bawue.de\/en\/wp-json\/wp\/v2\/pages"}],"about":[{"href":"https:\/\/www.hdz-bawue.de\/en\/wp-json\/wp\/v2\/types\/page"}],"author":[{"embeddable":true,"href":"https:\/\/www.hdz-bawue.de\/en\/wp-json\/wp\/v2\/users\/1"}],"replies":[{"embeddable":true,"href":"https:\/\/www.hdz-bawue.de\/en\/wp-json\/wp\/v2\/comments?post=2242"}],"version-history":[{"count":3,"href":"https:\/\/www.hdz-bawue.de\/en\/wp-json\/wp\/v2\/pages\/2242\/revisions"}],"predecessor-version":[{"id":2245,"href":"https:\/\/www.hdz-bawue.de\/en\/wp-json\/wp\/v2\/pages\/2242\/revisions\/2245"}],"wp:attachment":[{"href":"https:\/\/www.hdz-bawue.de\/en\/wp-json\/wp\/v2\/media?parent=2242"}],"curies":[{"name":"wp","href":"https:\/\/api.w.org\/{rel}","templated":true}]}}