{"id":2265,"date":"2023-04-25T15:51:07","date_gmt":"2023-04-25T13:51:07","guid":{"rendered":"https:\/\/www.hdz-bawue.de\/at-your-university\/"},"modified":"2023-10-13T13:42:39","modified_gmt":"2023-10-13T11:42:39","slug":"at-your-university","status":"publish","type":"page","link":"https:\/\/www.hdz-bawue.de\/en\/at-your-university\/","title":{"rendered":"At your university"},"content":{"rendered":"<p>[et_pb_section fb_built=&#8221;1&#8243; custom_padding_last_edited=&#8221;off|phone&#8221; admin_label=&#8221;section&#8221; _builder_version=&#8221;4.20.0&#8243; background_color=&#8221;#FFFFFF&#8221; background_image=&#8221;https:\/\/www.hdz-bawue.de\/wp-content\/uploads\/2023\/04\/headerbild.png&#8221; custom_padding=&#8221;200px||0px||false|false&#8221; custom_padding_tablet=&#8221;||||false|false&#8221; custom_padding_phone=&#8221;||50px||false|false&#8221; global_colors_info=&#8221;{}&#8221;][et_pb_row module_class=&#8221;welle-oben&#8221; _builder_version=&#8221;4.20.0&#8243; _module_preset=&#8221;default&#8221; width=&#8221;100%&#8221; max_width=&#8221;100vw&#8221; custom_padding=&#8221;0px||0px||false|false&#8221; locked=&#8221;off&#8221; global_colors_info=&#8221;{}&#8221;][et_pb_column type=&#8221;4_4&#8243; _builder_version=&#8221;4.20.0&#8243; _module_preset=&#8221;default&#8221; global_colors_info=&#8221;{}&#8221;][et_pb_image src=&#8221;https:\/\/www.hdz-bawue.de\/wp-content\/uploads\/2023\/04\/welle_oben.png&#8221; title_text=&#8221;welle_oben&#8221; _builder_version=&#8221;4.20.0&#8243; _module_preset=&#8221;default&#8221; width=&#8221;100%&#8221; global_colors_info=&#8221;{}&#8221;][\/et_pb_image][\/et_pb_column][\/et_pb_row][et_pb_row use_custom_gutter=&#8221;on&#8221; gutter_width=&#8221;1&#8243; make_equal=&#8221;on&#8221; custom_padding_last_edited=&#8221;on|phone&#8221; admin_label=&#8221;row&#8221; _builder_version=&#8221;4.20.0&#8243; background_size=&#8221;initial&#8221; background_position=&#8221;top_left&#8221; background_repeat=&#8221;repeat&#8221; module_alignment=&#8221;center&#8221; custom_margin=&#8221;||||false|false&#8221; custom_margin_tablet=&#8221;0px||||false|false&#8221; custom_margin_phone=&#8221;0px||||false|false&#8221; custom_margin_last_edited=&#8221;on|desktop&#8221; custom_padding=&#8221;130px||0px||false|false&#8221; custom_padding_tablet=&#8221;50px||||false|false&#8221; custom_padding_phone=&#8221;20px||||false|false&#8221; global_colors_info=&#8221;{}&#8221;][et_pb_column type=&#8221;4_4&#8243; _builder_version=&#8221;4.20.0&#8243; custom_padding=&#8221;|||&#8221; custom_css_main_element=&#8221;margin:auto;&#8221; global_colors_info=&#8221;{}&#8221; custom_padding__hover=&#8221;|||&#8221;][et_pb_text admin_label=&#8221;Angebote &#038; Service&#8221; module_class=&#8221;sub-headline&#8221; _builder_version=&#8221;4.20.0&#8243; _module_preset=&#8221;default&#8221; custom_padding=&#8221;||30px||false|false&#8221; global_colors_info=&#8221;{}&#8221;]<\/p>\n<p><strong>Angebote &amp; Service<\/strong><\/p>\n<p>[\/et_pb_text][et_pb_text admin_label=&#8221;Vor Ort&#8221; _builder_version=&#8221;4.20.0&#8243; _module_preset=&#8221;default&#8221; custom_padding=&#8221;||30px||false|false&#8221; global_colors_info=&#8221;{}&#8221;]<\/p>\n<h1>At your university.<\/h1>\n<p>[\/et_pb_text][et_pb_text module_class=&#8221;teaser-text&#8221; _builder_version=&#8221;4.22.1&#8243; _module_preset=&#8221;default&#8221; custom_padding=&#8221;||30px||false|false&#8221; hover_enabled=&#8221;0&#8243; global_colors_info=&#8221;{}&#8221; sticky_enabled=&#8221;0&#8243;]<\/p>\n<p>In addition to our regular services, the individual educational development units offer further courses, in some cases in cooperation with other partners. These courses are only available to the teachers of the respective university of the educational development unit. These courses focus on a service and demand-based approach and close contact with the teachers.\u00a0<\/p>\n<p>[\/et_pb_text][\/et_pb_column][\/et_pb_row][\/et_pb_section][et_pb_section fb_built=&#8221;1&#8243; _builder_version=&#8221;4.20.0&#8243; _module_preset=&#8221;default&#8221; custom_padding=&#8221;0px||||false|false&#8221; global_colors_info=&#8221;{}&#8221;][et_pb_row column_structure=&#8221;1_2,1_2&#8243; use_custom_gutter=&#8221;on&#8221; gutter_width=&#8221;2&#8243; module_class=&#8221;university-module&#8221; _builder_version=&#8221;4.20.0&#8243; _module_preset=&#8221;default&#8221; custom_css_main_element=&#8221;margin-bottom:0px;&#8221; global_colors_info=&#8221;{}&#8221;][et_pb_column type=&#8221;1_2&#8243; _builder_version=&#8221;4.20.0&#8243; _module_preset=&#8221;default&#8221; custom_css_main_element=&#8221;margin-bottom:0px;&#8221; global_colors_info=&#8221;{}&#8221;][et_pb_blurb title=&#8221;Universit\u00e4t Freiburg&#8221; content_max_width=&#8221;100%&#8221; admin_label=&#8221;Universit\u00e4t Freiburg&#8221; module_class=&#8221;list-cube&#8221; _builder_version=&#8221;4.20.0&#8243; _module_preset=&#8221;default&#8221; custom_margin=&#8221;||35px||false|false&#8221; global_colors_info=&#8221;{}&#8221;]<\/p>\n<ul>\n<li>Individuelle Beratung und Coaching f\u00fcr Lehrende<\/li>\n<li>Medien- und Hochschuldidaktisches Weiterbildungsprogramm f\u00fcr Habilitand*innen<\/li>\n<li>Tutor*innen-Qualifizierung<\/li>\n<li>Begleitung bei und Beratung zu Lehr- und Curriculumentwicklung<\/li>\n<li>Instituts-\/Fakult\u00e4tsinterne Weiterbildung<\/li>\n<li>Qualifizierungs-Programm \u201ee-dactic lab\u201c in Kooperation mit der Servicestelle E-Learning<\/li>\n<\/ul>\n<p>[\/et_pb_blurb][et_pb_blurb title=&#8221;Universit\u00e4t Hohenheim&#8221; content_max_width=&#8221;100%&#8221; admin_label=&#8221;Universit\u00e4t Hohenheim&#8221; module_class=&#8221;list-cube&#8221; _builder_version=&#8221;4.20.0&#8243; _module_preset=&#8221;default&#8221; custom_margin=&#8221;||35px||false|false&#8221; global_colors_info=&#8221;{}&#8221;]<\/p>\n<ul>\n<li>Individuelle Beratung f\u00fcr Lehrende<\/li>\n<li>Individuelle und bedarfsorientierte Unterst\u00fctzungsangebote (Sonderma\u00dfnahmen)<\/li>\n<li>Serviceportal Lehre<\/li>\n<li>Good-Practice-Sammlung \u201eLust auf Lehre\u201c<\/li>\n<li>Hochschuldidaktische Selbstlernkurse<\/li>\n<li>Kollegiale Praxisberatung<\/li>\n<li>Expertengest\u00fctzte Lehrhospitationen<\/li>\n<li>Vortragsreihe \u201eHohenheimer Lehre im Dialog\u201c<\/li>\n<li>Kurse und individuelle Beratung im Rahmen der Mediendidaktik<\/li>\n<li>Individuelle Beratung durch Coaches f\u00fcr Digitales Lehren und Lernen<\/li>\n<li>Didaktische Beratung bei der Durchf\u00fchrung von elektronischen Pr\u00fcfungen<\/li>\n<li>Vertretung und Mitarbeit im HND BW sowie deren Think Tanks, z.B. Think Tank Tools, Hybride Lehre usw.<\/li>\n<li>Tutoren-Qualifizierung<\/li>\n<li>Strategie Lehre 2030<\/li>\n<li>Arbeitsgruppe \u201eCampus der Zukunft \/ Campus als Lernraum\u201c<\/li>\n<li>Tag der Lehre<\/li>\n<li>Mitwirkung im Verbundprojekt der baden-w\u00fcrttembergischen Universit\u00e4ten &#8220;Partnerschaft f\u00fcr innovative E-Pr\u00fcfungen (PePP)<\/li>\n<li>DeLLFi-Projekt \u201eDigitalisierung entlang Lernen, Lehren und Forschen integrieren\u201c<\/li>\n<li>In Kooperation mit Humboldt reloaded Angebote zum Forschend Lernen<\/li>\n<\/ul>\n<p>[\/et_pb_blurb][et_pb_blurb title=&#8221;Universit\u00e4t Konstanz&#8221; content_max_width=&#8221;100%&#8221; admin_label=&#8221;Universit\u00e4t Konstanz&#8221; module_class=&#8221;list-cube&#8221; _builder_version=&#8221;4.20.0&#8243; _module_preset=&#8221;default&#8221; custom_margin=&#8221;||35px||false|false&#8221; global_colors_info=&#8221;{}&#8221;]<\/p>\n<p>Die Arbeitsstelle des HDZ ist eingebunden in das Academic Staff Development. Das Academic Staff Development ist die zentrale Service- und Kompetenzstelle der Universit\u00e4t Konstanz f\u00fcr akademische Personalentwicklung, Nachwuchsf\u00f6rderung und Lehrentwicklung, die 2008 im Rahmen der Exzellenzinitiative aufgebaut wurde. Wir bieten akademische Personalentwicklung f\u00fcr Forschende und Lehrende aller Karrierestufen.<\/p>\n<ul>\n<li>Informationsportal:<a href=\"https:\/\/www.hdz-bawue.de\/(https:\/www.uni-konstanz.de\/asd\/infopool\/toolbox-lehre\/)%20%20\/t%20_blank\"> <\/a><a href=\"https:\/\/www.uni-konstanz.de\/asd\/infopool\/toolbox-lehre\/\">\u201eToolbox Lehre\u201c<\/a> sowie eine Good-Practice Sammlung: <a href=\"https:\/\/www.uni-konstanz.de\/asd\/infopool\/toolbox-lehre\/inspirationsbox-online-lehre\/\">\u201eInspirationsbox Online-Lehre\u201c <\/a> <\/li>\n<li>Vortragsreihe \u201eHochschuldidaktik \u00fcber Mittag&#8221;<\/li>\n<li>Individuelle und bedarfsorientierte Beratungs- und Unterst\u00fctzungsangebote sowie Lehrcoachings<\/li>\n<li>Instructional Design: Beratung und Projektbegleitung von Lehrenden mit Fokus auf digitale Elemente in der Lehre sowie Workshops zum Thema digitale Tools in der Lehre. Live-Unterst\u00fctzung bei ILIAS und eLearning-Fragen per individueller Webkonferenz (zusammen mit dem KIM).<\/li>\n<li>Tutor*innen-Training<\/li>\n<li>Strukturentwicklung f\u00fcr die Universit\u00e4t, Fachbereiche und Sektionen, Einrichtungen der strukturierten Nachwuchsf\u00f6rderung, Arbeitsgruppen<\/li>\n<li>Mitarbeit in Netzwerken wie HND-BW sowie deren Think Tanks, z.B. Think Tank Tools<\/li>\n<\/ul>\n<p>[\/et_pb_blurb][et_pb_blurb title=&#8221;Universit\u00e4t Stuttgart&#8221; content_max_width=&#8221;100%&#8221; admin_label=&#8221;Universit\u00e4t Stuttgart&#8221; module_class=&#8221;list-cube&#8221; _builder_version=&#8221;4.20.0&#8243; _module_preset=&#8221;default&#8221; custom_margin=&#8221;||35px||false|false&#8221; global_colors_info=&#8221;{}&#8221;]<\/p>\n<ul>\n<li>Lehrcoaching und Beratung<\/li>\n<li>Kollegiale Beratungen<\/li>\n<li>Hochschuldidaktische Kooperationen<\/li>\n<li>Hochschuldidaktische Selbstlernkurse<\/li>\n<li>Gef\u00f6rdertes Projekt: PePP &#8211; Partnerschaft f\u00fcr innovative E-Pr\u00fcfungen<\/li>\n<li>Gef\u00f6rdertes Projekt: Digit@L &#8211; Digiales Lehren und Lernen an der Universit\u00e4t Stuttgart<\/li>\n<li>Teilprojekt Skills: Digitale Kompetenzen f\u00fcr Lehrende<\/li>\n<li>Teilprojekt Support: digitale Lehr-\/Lern-Angebote, studentische Freiwillige (eScouts) unterst\u00fctzen Lehrende<\/li>\n<li>Zertifikatsprogramm: Auf dem Weg zur Universit\u00e4tsprofessur<\/li>\n<li>\u00dcberfachliches Qualifizierungsprogramm GRADUS (Graduiertenakademie)<\/li>\n<\/ul>\n<p>[\/et_pb_blurb][et_pb_blurb title=&#8221;Universit\u00e4t Ulm&#8221; content_max_width=&#8221;100%&#8221; admin_label=&#8221;Universit\u00e4t Ulm&#8221; module_class=&#8221;list-cube&#8221; _builder_version=&#8221;4.20.0&#8243; _module_preset=&#8221;default&#8221; custom_margin=&#8221;||35px||false|false&#8221; global_colors_info=&#8221;{}&#8221;]<\/p>\n<ul>\n<li>Lehrcoachings<\/li>\n<li>Expertengest\u00fctzte Lehrhospitationen<\/li>\n<li>Workshops in Kooperation mit anderen Institutionen an der Universit\u00e4t Ulm (Zentrum f\u00fcr Lehrentwicklung, KIZ, International Office uvm.)<\/li>\n<li>K.I.K.s f\u00fcr die Lehre (Kollegiale und individuelle Kurzformate f\u00fcr Professor*innen)<\/li>\n<li>Tutoren- und Mentorenqualifizierungs-Programme<\/li>\n<li>Individuelle, fachspezifische Programme und Projekte f\u00fcr den Einstieg ins und die Begleitung im Studium<\/li>\n<li>Begleitung bei der Curriculumsentwicklung<\/li>\n<\/ul>\n<p>[\/et_pb_blurb][\/et_pb_column][et_pb_column type=&#8221;1_2&#8243; _builder_version=&#8221;4.20.0&#8243; _module_preset=&#8221;default&#8221; global_colors_info=&#8221;{}&#8221;][et_pb_blurb title=&#8221;Universit\u00e4t Heidelberg&#8221; content_max_width=&#8221;100%&#8221; admin_label=&#8221;Universit\u00e4t Heidelberg&#8221; module_class=&#8221;list-cube&#8221; _builder_version=&#8221;4.20.0&#8243; _module_preset=&#8221;default&#8221; custom_margin=&#8221;||35px||false|false&#8221; global_colors_info=&#8221;{}&#8221;]<\/p>\n<p>Die Arbeitsstelle des HDZ ist eingebunden in die Abteilung Lehren &amp; Lernen des heiSKILLS Kompetenz- und Sprachenzentrums. Dieses ist die zentrale Service- und Kompetenzeinrichtung der Universit\u00e4t Heidelberg f\u00fcr Lehrentwicklung, akademische Personalentwicklung, wissenschaftliche Weiterbildung, Spracherwerb und Career Service. Die Abteilung Lehren &amp; Lernen ist ein wichtiger Teil des Heidelberger Qualit\u00e4tsmanagements heiQUALITY. Sie bietet didaktische Weiterbildung f\u00fcr Lehrende und Studierende sowie Study Skills Programme f\u00fcr Studierende.<\/p>\n<ul>\n<li><a href=\"https:\/\/www.heiskills.uni-heidelberg.de\/de\/ueber-uns\/lehren-und-lernen\/fuer-lehrende\/meet2talk\">Portal f\u00fcr Lehrende<\/a> f\u00fcr Methoden, didaktische Grundlagen und Online-Kursen und der Vortragsreihe \u201e<a href=\"https:\/\/www.heiskills.uni-heidelberg.de\/de\/ueber-uns\/lehren-und-lernen\/fuer-lehrende\/meet2talk\">Meet2Talk<\/a>&#8221; als Good-Practice Plattform f\u00fcr Lehrende<\/li>\n<li>Online-Journal <a href=\"https:\/\/journals.ub.uni-heidelberg.de\/index.php\/hint\/index\">HINT. Heidelberg Inspirations for Innovative Teaching<\/a> als akademische Plattform zum Austausch \u00fcber innovative Lehre<\/li>\n<li>Individuelle und bedarfsorientierte Beratungs- und Unterst\u00fctzungsangebote auf Fakult\u00e4ts- und Institutseben sowie individuelle Lehrcoachings<\/li>\n<li>Instructional Design: Beratung und Projektbegleitung von Lehrenden mit Fokus auf Forschendes Lernen, Bildung f\u00fcr Nachhaltige Entwicklung und Transferorientierung<\/li>\n<li>Strukturentwicklung f\u00fcr die Universit\u00e4t, Fakult\u00e4ten und Fachbereiche (u.a. durch Tage der Lehre)<\/li>\n<li>Unterst\u00fctzung der F\u00e4cher bei der Bestimmung kompetenzorientierter Qualifikations- und Lernziele zur Erstellung der Modulhandb\u00fccher im Rahmen von heiQUALITY<\/li>\n<li>Dozentenschulungen der medizinischen Fakult\u00e4t Heidelberg (DOS I-III), anerkannt f\u00fcr das Baden-W\u00fcrttemberg Zertifikat f\u00fcr den Erwerb hochschuldidaktischer Kompetenz, nur f\u00fcr Lehrende der medizinischen Fakult\u00e4t Heidelberg<\/li>\n<li>Heidelberger <a href=\"https:\/\/www.heiskills.uni-heidelberg.de\/de\/ueber-uns\/lehren-und-lernen\/fuer-studierende\/didaktikzertifikat-fuer-tutorinnen\">Didaktikzertifikat f\u00fcr Tutor*innen<\/a><\/li>\n<li><a href=\"https:\/\/www.heiskills.uni-heidelberg.de\/de\/ueber-uns\/lehren-und-lernen\/fuer-studierende\/kurse-fuer-studierende\">Study Skills Kurse<\/a> f\u00fcr Studierende auf Universit\u00e4tsebene und am Fach sowie als Selbstlernkurse (oder zum Nachnutzen f\u00fcr Lehrende)<\/li>\n<\/ul>\n<p>[\/et_pb_blurb][et_pb_blurb title=&#8221;Karlsruher Institut f\u00fcr Technologie&#8221; content_max_width=&#8221;100%&#8221; admin_label=&#8221;Karlsruher Institut f\u00fcr Technologie&#8221; module_class=&#8221;list-cube&#8221; _builder_version=&#8221;4.20.0&#8243; _module_preset=&#8221;default&#8221; custom_margin=&#8221;||35px||false|false&#8221; global_colors_info=&#8221;{}&#8221;]<\/p>\n<ul>\n<li>Inhouse-Unterst\u00fctzung anhand von Workshops, Beratungen und Begleitung von HD-Projekten<\/li>\n<li>Tutor*innenprogramm \u201eStart in die Lehre\u201c<\/li>\n<li>Hochschuldidaktisches Angebot speziell f\u00fcr den Gro\u00dfforschungsbereich am KIT<\/li>\n<li>Angebot f\u00fcr neuberufene Professor*innen zur Unterst\u00fctzung und Weiterbildung in der Lehre<\/li>\n<li>Beratungs- und Unterst\u00fctzungsangebot bez\u00fcglich der hochschuldidaktischen Nutzung von Lehrveranstaltungsevaluationen<\/li>\n<li>Unterst\u00fctzungsangebote zur gendersensiblen Lehre<\/li>\n<li>Kooperative Angebote mit dem Zentrum f\u00fcr Mediales Lernen am KIT im Bereich E-Learning<\/li>\n<\/ul>\n<p>[\/et_pb_blurb][et_pb_blurb title=&#8221;Universit\u00e4t Mannheim&#8221; content_max_width=&#8221;100%&#8221; admin_label=&#8221;Universit\u00e4t Mannheim&#8221; module_class=&#8221;list-cube&#8221; _builder_version=&#8221;4.20.0&#8243; _module_preset=&#8221;default&#8221; custom_margin=&#8221;||35px||false|false&#8221; global_colors_info=&#8221;{}&#8221;]<\/p>\n<ul>\n<li>Individual- und Gruppenberatung<\/li>\n<li>Workshops auf Anfrage der Institute\/Fakult\u00e4ten<\/li>\n<li>Veranstaltungsreihe: \u201eLunch &amp; Learn\u201c ab HWS 2023<\/li>\n<li>Tutorentrainings<\/li>\n<li>Expertengest\u00fctzte Lehrhospitationen<\/li>\n<li>Beratung zu ILIAS, Inverted Classroom und digitalem Pr\u00fcfen<\/li>\n<li>Wiki zum digitalen Lehren und Lernen: Matilde &#8211; Mannheim Tipps for Learning and Living in a Digital Environment.<\/li>\n<li>Vorlesungsaufzeichnung: Beratung, Einf\u00fchrung und Support<\/li>\n<li>Videostudio: Einf\u00fchrung, Betreuung, Unterst\u00fctzung bei Medienproduktion<\/li>\n<li>Hybridr\u00e4ume: Einf\u00fchrung und Betreuung<\/li>\n<\/ul>\n<p>[\/et_pb_blurb][et_pb_blurb title=&#8221;Universit\u00e4t T\u00fcbingen&#8221; content_max_width=&#8221;100%&#8221; admin_label=&#8221;Universit\u00e4t T\u00fcbingen&#8221; module_class=&#8221;list-cube&#8221; _builder_version=&#8221;4.20.0&#8243; _module_preset=&#8221;default&#8221; custom_margin=&#8221;||35px||false|false&#8221; global_colors_info=&#8221;{}&#8221;]<\/p>\n<ul>\n<li>Lehrcoaching f\u00fcr PostDocs sowie Professor*innen<\/li>\n<li>Eigenes mediendidaktisches Programm mit diversen Formaten<\/li>\n<li>Beratung zu hochschuldidaktischen Fragen, insbesondere zu Lehrentwicklung und digital unterst\u00fctzter Lehre<\/li>\n<li>Mitwirkung im Verbundprojekt der baden-w\u00fcrttembergischen Universit\u00e4ten &#8220;Partnerschaft f\u00fcr innovative E-Pr\u00fcfungen (PePP)<\/li>\n<li>Fortbildungsangebote f\u00fcr Tutoren\/innen und Mentoren\/innen (offenes Programm und in Zusammenarbeit mit den F\u00e4chern)<\/li>\n<li>Angebote f\u00fcr F\u00e4cher und Fakult\u00e4ten nach Absprache<\/li>\n<li>Zeitschrift &#8220;T\u00fcbinger Beitr\u00e4ge zur Hochschuldidaktik&#8221; <a href=\"https:\/\/uni-tuebingen.de\/lehrende\/hochschuldidaktik\/publikationen-downloads\/\">(online verf\u00fcgbar)<\/a><\/li>\n<\/ul>\n<p>[\/et_pb_blurb][et_pb_blurb title=&#8221;P\u00e4dagogische Hochschulen Baden-W\u00fcrttemberg&#8221; content_max_width=&#8221;100%&#8221; admin_label=&#8221;P\u00e4dagogische Hochschulen&#8221; module_class=&#8221;list-cube&#8221; _builder_version=&#8221;4.20.0&#8243; _module_preset=&#8221;default&#8221; custom_margin=&#8221;||35px||false|false&#8221; global_colors_info=&#8221;{}&#8221;]<\/p>\n<ul>\n<li>Individuelle Beratung von Lehrenden f\u00fcr Herausforderungen in der Lehre<\/li>\n<li>Kollegiale Lehrhospitation<\/li>\n<li>Kollegiale Beratungen<\/li>\n<li>Hochschuldidaktische Selbstlernkurse<\/li>\n<li>Selbstbildende Ma\u00dfnahmen: individuellen Fortbildungsangebote f\u00fcr Institute, Fachgebiete und Abteilungen der P\u00e4dagogischen Hochschulen<\/li>\n<\/ul>\n<p>&nbsp;<\/p>\n<p>[\/et_pb_blurb][\/et_pb_column][\/et_pb_row][\/et_pb_section]<\/p>\n","protected":false},"excerpt":{"rendered":"<p>Angebote &amp; ServiceAt your university.In addition to our regular services, the individual educational development units offer further courses, in some cases in cooperation with other partners. These courses are only available to the teachers of the respective university of the educational development unit. These courses focus on a service and demand-based approach and close contact [&hellip;]<\/p>\n","protected":false},"author":1,"featured_media":0,"parent":0,"menu_order":0,"comment_status":"closed","ping_status":"closed","template":"","meta":{"_acf_changed":false,"_et_pb_use_builder":"on","_et_pb_old_content":"","_et_gb_content_width":"","inline_featured_image":false,"footnotes":""},"class_list":["post-2265","page","type-page","status-publish","hentry"],"acf":[],"yoast_head":"<!-- This site is optimized with the Yoast SEO plugin v27.2 - https:\/\/yoast.com\/product\/yoast-seo-wordpress\/ -->\n<title>At your university - HDZ<\/title>\n<meta name=\"robots\" content=\"index, follow, max-snippet:-1, max-image-preview:large, max-video-preview:-1\" \/>\n<link rel=\"canonical\" href=\"https:\/\/www.hdz-bawue.de\/en\/at-your-university\/\" \/>\n<meta property=\"og:locale\" content=\"en_US\" \/>\n<meta property=\"og:type\" content=\"article\" \/>\n<meta property=\"og:title\" content=\"At your university - HDZ\" \/>\n<meta property=\"og:description\" content=\"Angebote &amp; ServiceAt your university.In addition to our regular services, the individual educational development units offer further courses, in some cases in cooperation with other partners. These courses are only available to the teachers of the respective university of the educational development unit. These courses focus on a service and demand-based approach and close contact [&hellip;]\" \/>\n<meta property=\"og:url\" content=\"https:\/\/www.hdz-bawue.de\/en\/at-your-university\/\" \/>\n<meta property=\"og:site_name\" content=\"HDZ\" \/>\n<meta property=\"article:modified_time\" content=\"2023-10-13T11:42:39+00:00\" \/>\n<meta name=\"twitter:card\" content=\"summary_large_image\" \/>\n<meta name=\"twitter:label1\" content=\"Est. reading time\" \/>\n\t<meta name=\"twitter:data1\" content=\"6 minutes\" \/>\n<script type=\"application\/ld+json\" class=\"yoast-schema-graph\">{\"@context\":\"https:\/\/schema.org\",\"@graph\":[{\"@type\":\"WebPage\",\"@id\":\"https:\/\/www.hdz-bawue.de\/en\/at-your-university\/\",\"url\":\"https:\/\/www.hdz-bawue.de\/en\/at-your-university\/\",\"name\":\"At your university - HDZ\",\"isPartOf\":{\"@id\":\"https:\/\/www.hdz-bawue.de\/#website\"},\"datePublished\":\"2023-04-25T13:51:07+00:00\",\"dateModified\":\"2023-10-13T11:42:39+00:00\",\"breadcrumb\":{\"@id\":\"https:\/\/www.hdz-bawue.de\/en\/at-your-university\/#breadcrumb\"},\"inLanguage\":\"en-US\",\"potentialAction\":[{\"@type\":\"ReadAction\",\"target\":[\"https:\/\/www.hdz-bawue.de\/en\/at-your-university\/\"]}]},{\"@type\":\"BreadcrumbList\",\"@id\":\"https:\/\/www.hdz-bawue.de\/en\/at-your-university\/#breadcrumb\",\"itemListElement\":[{\"@type\":\"ListItem\",\"position\":1,\"name\":\"Startseite\",\"item\":\"https:\/\/www.hdz-bawue.de\/en\/\"},{\"@type\":\"ListItem\",\"position\":2,\"name\":\"At your university\"}]},{\"@type\":\"WebSite\",\"@id\":\"https:\/\/www.hdz-bawue.de\/#website\",\"url\":\"https:\/\/www.hdz-bawue.de\/\",\"name\":\"HDZ\",\"description\":\"\",\"potentialAction\":[{\"@type\":\"SearchAction\",\"target\":{\"@type\":\"EntryPoint\",\"urlTemplate\":\"https:\/\/www.hdz-bawue.de\/?s={search_term_string}\"},\"query-input\":{\"@type\":\"PropertyValueSpecification\",\"valueRequired\":true,\"valueName\":\"search_term_string\"}}],\"inLanguage\":\"en-US\"}]}<\/script>\n<!-- \/ Yoast SEO plugin. -->","yoast_head_json":{"title":"At your university - HDZ","robots":{"index":"index","follow":"follow","max-snippet":"max-snippet:-1","max-image-preview":"max-image-preview:large","max-video-preview":"max-video-preview:-1"},"canonical":"https:\/\/www.hdz-bawue.de\/en\/at-your-university\/","og_locale":"en_US","og_type":"article","og_title":"At your university - HDZ","og_description":"Angebote &amp; ServiceAt your university.In addition to our regular services, the individual educational development units offer further courses, in some cases in cooperation with other partners. These courses are only available to the teachers of the respective university of the educational development unit. These courses focus on a service and demand-based approach and close contact [&hellip;]","og_url":"https:\/\/www.hdz-bawue.de\/en\/at-your-university\/","og_site_name":"HDZ","article_modified_time":"2023-10-13T11:42:39+00:00","twitter_card":"summary_large_image","twitter_misc":{"Est. reading time":"6 minutes"},"schema":{"@context":"https:\/\/schema.org","@graph":[{"@type":"WebPage","@id":"https:\/\/www.hdz-bawue.de\/en\/at-your-university\/","url":"https:\/\/www.hdz-bawue.de\/en\/at-your-university\/","name":"At your university - HDZ","isPartOf":{"@id":"https:\/\/www.hdz-bawue.de\/#website"},"datePublished":"2023-04-25T13:51:07+00:00","dateModified":"2023-10-13T11:42:39+00:00","breadcrumb":{"@id":"https:\/\/www.hdz-bawue.de\/en\/at-your-university\/#breadcrumb"},"inLanguage":"en-US","potentialAction":[{"@type":"ReadAction","target":["https:\/\/www.hdz-bawue.de\/en\/at-your-university\/"]}]},{"@type":"BreadcrumbList","@id":"https:\/\/www.hdz-bawue.de\/en\/at-your-university\/#breadcrumb","itemListElement":[{"@type":"ListItem","position":1,"name":"Startseite","item":"https:\/\/www.hdz-bawue.de\/en\/"},{"@type":"ListItem","position":2,"name":"At your university"}]},{"@type":"WebSite","@id":"https:\/\/www.hdz-bawue.de\/#website","url":"https:\/\/www.hdz-bawue.de\/","name":"HDZ","description":"","potentialAction":[{"@type":"SearchAction","target":{"@type":"EntryPoint","urlTemplate":"https:\/\/www.hdz-bawue.de\/?s={search_term_string}"},"query-input":{"@type":"PropertyValueSpecification","valueRequired":true,"valueName":"search_term_string"}}],"inLanguage":"en-US"}]}},"publishpress_future_action":{"enabled":false,"date":"2026-05-10 13:31:08","action":"change-status","newStatus":"draft","terms":[],"taxonomy":"translation_priority","extraData":[]},"publishpress_future_workflow_manual_trigger":{"enabledWorkflows":[]},"_links":{"self":[{"href":"https:\/\/www.hdz-bawue.de\/en\/wp-json\/wp\/v2\/pages\/2265","targetHints":{"allow":["GET"]}}],"collection":[{"href":"https:\/\/www.hdz-bawue.de\/en\/wp-json\/wp\/v2\/pages"}],"about":[{"href":"https:\/\/www.hdz-bawue.de\/en\/wp-json\/wp\/v2\/types\/page"}],"author":[{"embeddable":true,"href":"https:\/\/www.hdz-bawue.de\/en\/wp-json\/wp\/v2\/users\/1"}],"replies":[{"embeddable":true,"href":"https:\/\/www.hdz-bawue.de\/en\/wp-json\/wp\/v2\/comments?post=2265"}],"version-history":[{"count":6,"href":"https:\/\/www.hdz-bawue.de\/en\/wp-json\/wp\/v2\/pages\/2265\/revisions"}],"predecessor-version":[{"id":2271,"href":"https:\/\/www.hdz-bawue.de\/en\/wp-json\/wp\/v2\/pages\/2265\/revisions\/2271"}],"wp:attachment":[{"href":"https:\/\/www.hdz-bawue.de\/en\/wp-json\/wp\/v2\/media?parent=2265"}],"curies":[{"name":"wp","href":"https:\/\/api.w.org\/{rel}","templated":true}]}}