{"id":2314,"date":"2023-05-03T10:26:25","date_gmt":"2023-05-03T08:26:25","guid":{"rendered":"https:\/\/www.hdz-bawue.de\/projects\/"},"modified":"2025-02-27T09:28:26","modified_gmt":"2025-02-27T08:28:26","slug":"projects","status":"publish","type":"page","link":"https:\/\/www.hdz-bawue.de\/en\/projects\/","title":{"rendered":"Projects"},"content":{"rendered":"<p>[et_pb_section fb_built=&#8221;1&#8243; custom_padding_last_edited=&#8221;on|desktop&#8221; admin_label=&#8221;section&#8221; _builder_version=&#8221;4.20.0&#8243; background_color=&#8221;#FFFFFF&#8221; background_image=&#8221;https:\/\/www.hdz-bawue.de\/wp-content\/uploads\/2023\/04\/headerbild.png&#8221; custom_padding=&#8221;200px||0px||false|false&#8221; custom_padding_tablet=&#8221;200px||||false|false&#8221; custom_padding_phone=&#8221;200px||||false|false&#8221; global_colors_info=&#8221;{}&#8221;][et_pb_row module_class=&#8221;welle-oben&#8221; _builder_version=&#8221;4.20.0&#8243; _module_preset=&#8221;default&#8221; width=&#8221;100%&#8221; max_width=&#8221;100vw&#8221; custom_padding=&#8221;0px||0px||false|false&#8221; locked=&#8221;off&#8221; global_colors_info=&#8221;{}&#8221;][et_pb_column type=&#8221;4_4&#8243; _builder_version=&#8221;4.20.0&#8243; _module_preset=&#8221;default&#8221; global_colors_info=&#8221;{}&#8221;][et_pb_image src=&#8221;https:\/\/www.hdz-bawue.de\/wp-content\/uploads\/2023\/04\/welle_oben.png&#8221; title_text=&#8221;welle_oben&#8221; _builder_version=&#8221;4.20.0&#8243; _module_preset=&#8221;default&#8221; width=&#8221;100%&#8221; global_colors_info=&#8221;{}&#8221;][\/et_pb_image][\/et_pb_column][\/et_pb_row][et_pb_row use_custom_gutter=&#8221;on&#8221; gutter_width=&#8221;1&#8243; make_equal=&#8221;on&#8221; custom_padding_last_edited=&#8221;on|desktop&#8221; admin_label=&#8221;row&#8221; module_class=&#8221;finish-project&#8221; _builder_version=&#8221;4.20.0&#8243; background_size=&#8221;initial&#8221; background_position=&#8221;top_left&#8221; background_repeat=&#8221;repeat&#8221; module_alignment=&#8221;center&#8221; custom_margin=&#8221;||||false|false&#8221; custom_margin_tablet=&#8221;0px||||false|false&#8221; custom_margin_phone=&#8221;0px||||false|false&#8221; custom_margin_last_edited=&#8221;on|desktop&#8221; custom_padding=&#8221;130px||40px||false|false&#8221; custom_padding_tablet=&#8221;50px||0px||false|false&#8221; custom_padding_phone=&#8221;20px||0px||false|false&#8221; global_colors_info=&#8221;{}&#8221;][et_pb_column type=&#8221;4_4&#8243; _builder_version=&#8221;4.20.0&#8243; custom_padding=&#8221;|||&#8221; custom_css_main_element=&#8221;margin:auto;&#8221; global_colors_info=&#8221;{}&#8221; custom_padding__hover=&#8221;|||&#8221;][et_pb_text admin_label=&#8221;Projekte&#8221; module_class=&#8221;sub-headline&#8221; _builder_version=&#8221;4.20.0&#8243; _module_preset=&#8221;default&#8221; custom_padding=&#8221;||30px||false|false&#8221; global_colors_info=&#8221;{}&#8221;]<\/p>\n<p><strong>Projects<\/strong><\/p>\n<p>[\/et_pb_text][et_pb_text admin_label=&#8221;Aktuelle Projekte&#8221; _builder_version=&#8221;4.20.0&#8243; _module_preset=&#8221;default&#8221; custom_padding=&#8221;||30px||false|false&#8221; global_colors_info=&#8221;{}&#8221;]<\/p>\n<h1>Current Projects.<\/h1>\n<p>[\/et_pb_text][et_pb_text admin_label=&#8221;Text&#8221; module_class=&#8221;teaser-text&#8221; _builder_version=&#8221;4.20.0&#8243; _module_preset=&#8221;default&#8221; locked=&#8221;off&#8221; global_colors_info=&#8221;{}&#8221;]<\/p>\n<p>Our externally funded projects focus on educational development topics or target groups in order to develop new concepts, methods or materials for forward-looking, quality teaching.<\/p>\n<p>[\/et_pb_text][\/et_pb_column][\/et_pb_row][et_pb_row use_custom_gutter=&#8221;on&#8221; gutter_width=&#8221;1&#8243; make_equal=&#8221;on&#8221; custom_padding_last_edited=&#8221;on|desktop&#8221; admin_label=&#8221;row&#8221; module_class=&#8221;finish-project&#8221; _builder_version=&#8221;4.20.0&#8243; background_size=&#8221;initial&#8221; background_position=&#8221;top_left&#8221; background_repeat=&#8221;repeat&#8221; module_alignment=&#8221;center&#8221; custom_margin=&#8221;||||false|false&#8221; custom_margin_tablet=&#8221;0px||||false|false&#8221; custom_margin_phone=&#8221;0px||||false|false&#8221; custom_margin_last_edited=&#8221;on|desktop&#8221; custom_padding=&#8221;0px||90px||false|false&#8221; custom_padding_tablet=&#8221;50px||0px||false|false&#8221; custom_padding_phone=&#8221;20px||0px||false|false&#8221; global_colors_info=&#8221;{}&#8221;][et_pb_column type=&#8221;4_4&#8243; _builder_version=&#8221;4.20.0&#8243; custom_padding=&#8221;|||&#8221; custom_css_main_element=&#8221;margin:auto;&#8221; global_colors_info=&#8221;{}&#8221; custom_padding__hover=&#8221;|||&#8221;][\/et_pb_column][\/et_pb_row][\/et_pb_section][et_pb_section fb_built=&#8221;1&#8243; custom_padding_last_edited=&#8221;off|desktop&#8221; admin_label=&#8221;section&#8221; _builder_version=&#8221;4.20.0&#8243; background_color=&#8221;#FFFFFF&#8221; background_enable_image=&#8221;off&#8221; custom_padding=&#8221;0px||||false|false&#8221; custom_padding_tablet=&#8221;200px||||false|false&#8221; custom_padding_phone=&#8221;200px||||false|false&#8221; global_colors_info=&#8221;{}&#8221;][et_pb_row use_custom_gutter=&#8221;on&#8221; gutter_width=&#8221;1&#8243; make_equal=&#8221;on&#8221; custom_padding_last_edited=&#8221;on|desktop&#8221; admin_label=&#8221;row&#8221; module_class=&#8221;finish-project&#8221; _builder_version=&#8221;4.20.0&#8243; background_size=&#8221;initial&#8221; background_position=&#8221;top_left&#8221; background_repeat=&#8221;repeat&#8221; module_alignment=&#8221;center&#8221; custom_margin=&#8221;||||false|false&#8221; custom_margin_tablet=&#8221;0px||||false|false&#8221; custom_margin_phone=&#8221;0px||||false|false&#8221; custom_margin_last_edited=&#8221;on|desktop&#8221; custom_padding=&#8221;0px||90px||false|false&#8221; custom_padding_tablet=&#8221;50px||0px||false|false&#8221; custom_padding_phone=&#8221;20px||0px||false|false&#8221; global_colors_info=&#8221;{}&#8221;][et_pb_column type=&#8221;4_4&#8243; _builder_version=&#8221;4.20.0&#8243; custom_padding=&#8221;|||&#8221; custom_css_main_element=&#8221;margin:auto;&#8221; global_colors_info=&#8221;{}&#8221; custom_padding__hover=&#8221;|||&#8221;][et_pb_text module_class=&#8221;teaser-text&#8221; _builder_version=&#8221;4.20.0&#8243; _module_preset=&#8221;default&#8221; custom_padding=&#8221;||30px||false|false&#8221; locked=&#8221;off&#8221; global_colors_info=&#8221;{}&#8221;]<\/p>\n<h3>Completed Projects.<\/h3>\n<p>[\/et_pb_text][et_pb_blurb title=&#8221;PePP (Partnerschaft f\u00fcr innovative E-Pr\u00fcfungen &#8211; Projektverbund der baden-w\u00fcrttembergischen Universit\u00e4ten)&#8221; content_max_width=&#8221;100%&#8221; admin_label=&#8221;PePP&#8221; _builder_version=&#8221;4.27.4&#8243; _module_preset=&#8221;default&#8221; custom_margin=&#8221;||35px||false|false&#8221; locked=&#8221;off&#8221; global_colors_info=&#8221;{}&#8221;]<\/p>\n<p>The PePP project contributes to sustainably strengthening the digitalization of teaching, learning and examination at Baden-W\u00fcrttemberg universities.<\/p>\n<p>In addition to the nine state universities, the Higher Education Network for Digitalization in Baden-W\u00fcrttemberg (HND-BW) and the Baden-W\u00fcrttemberg Centre for Teaching and Learning (HDZ) (HDZ) were also part of the partnership. The project was funded by the Stiftung Innovation in der Hochschullehre within the \u201cHochschullehre durch Digitalisierung\u201d programme for the funding period from October 2021 to July 2024.<\/p>\n<p>As part of this joint project, the HDZ was responsible for the cross-sectional cluster \u201cQualification &amp; advice for lecturers on the didactic foundations of e-exams\u201d. The measures in this cross-sectional cluster aimed to support lecturers in the didactic design and development of e-exams in order to ensure competence orientation and quality assurance and to be able to make full use of the didactic potential.<\/p>\n<p>The HDZ sub-project consisted of five measures:<\/p>\n<p>1. the development of self-study materials on didactic principles for teachers on the subject of e-examinations:<br \/><a href=\"https:\/\/www.hdz-bawue.de\/en\/glossary\/\">Glossary \u201cExaminations and Assessments\u201d<\/a><br \/><a href=\"https:\/\/www.hdz-bawue.de\/best-practice-sammlung-pruefungen-und-assessments\/\">Best practice collection<\/a><\/p>\n<p>2. the further development and updating of the online module KOMET &#8211; Kompetenzorientiert pr\u00fcfen mit E-Assessments to KOMET reloaded, which is part of the HDZ annual program.<\/p>\n<p>3. two nationwide exchange formats on e-examinations: \u201cOnline colloquia on competence-oriented digital examinations\u201d were conceptualized and held on a semester-by-semester basis. The online colloquia offered teachers a professional framework to reflect on examination formats based on evidence, to further develop their own actions and role in the field of e-examinations, to receive feedback from colleagues in an interdisciplinary and cross-university exchange and to learn from and with each other. As a second exchange format, we offered several collegial case consultations with a focus on competence-oriented testing. Teachers were supported in the development and testing of digital examination formats and provided with didactic support.<\/p>\n<p>4. for the state-wide HDZ annual program, we set alternative forms of examination as a focus topic during the project period.<\/p>\n<p>5. local offers at the universities: The local advisory services on the focus of e-examinations and corresponding implementation options were expanded at the locations. Individual, low-threshold advisory formats and open consultation hours for teaching staff on skills-oriented examinations with a focus on e-examinations were implemented.<\/p>\n<p>[\/et_pb_blurb][et_pb_blurb title=&#8221;FLOW &#8211; Forschendes Lernen \u2013 ein Online-Workshop f\u00fcr die Lehrenden der Landesuniversit\u00e4ten&#8221; content_max_width=&#8221;100%&#8221; admin_label=&#8221;FLOW&#8221; _builder_version=&#8221;4.27.4&#8243; _module_preset=&#8221;default&#8221; custom_margin=&#8221;||35px||false|false&#8221; locked=&#8221;off&#8221; global_colors_info=&#8221;{}&#8221;]<\/p>\n<p>The aim of this practice-oriented online workshop is to work out what research-based learning means for the design of modules and degree programs as well as for individual teachers and how this principle can be implemented in practice. The project ran from July 1, 2016 to July 31, 2017 and was funded by the Baden-W\u00fcrttemberg Ministry of Science, Research and the Arts.<\/p>\n<p>&nbsp;<\/p>\n<p>[\/et_pb_blurb][et_pb_blurb title=&#8221;KOMET \u2013 Kompetenzorientiert Pr\u00fcfen mit E-Assessments \u2013 ein Online-Modul f\u00fcr die Lehrenden der Landesuniversit\u00e4ten &#8221; content_max_width=&#8221;100%&#8221; admin_label=&#8221;KOMET&#8221; _builder_version=&#8221;4.27.4&#8243; _module_preset=&#8221;default&#8221; custom_margin=&#8221;||35px||false|false&#8221; hover_enabled=&#8221;0&#8243; locked=&#8221;off&#8221; global_colors_info=&#8221;{}&#8221; sticky_enabled=&#8221;0&#8243;]<\/p>\n<p>The Baden-W\u00fcrttemberg Centre for Teaching and Learning (project start: 01.11.2014, project end: 31.12.2015) was funded by the Baden-W\u00fcrttemberg Ministry of Science, Research and the Arts to develop an online module for teachers at state universities on competence-oriented testing with e-assessments.<\/p>\n<p>The online module covers the range of electronic assessments with their didactic<br \/>possibilities, but also their special features and technical and organizational framework conditions,<br \/>from electronic exams and tests to e-portfolios, videos and blogs.<\/p>\n<p>&nbsp;<\/p>\n<p>[\/et_pb_blurb][\/et_pb_column][\/et_pb_row][\/et_pb_section]<\/p>\n","protected":false},"excerpt":{"rendered":"<p>ProjectsCurrent Projects.Our externally funded projects focus on educational development topics or target groups in order to develop new concepts, methods or materials for forward-looking, quality teaching.Completed Projects.The PePP project contributes to sustainably strengthening the digitalization of teaching, learning and examination at Baden-W\u00fcrttemberg universities. In addition to the nine state universities, the Higher Education Network for [&hellip;]<\/p>\n","protected":false},"author":1,"featured_media":0,"parent":0,"menu_order":0,"comment_status":"closed","ping_status":"closed","template":"","meta":{"_acf_changed":false,"_et_pb_use_builder":"on","_et_pb_old_content":"","_et_gb_content_width":"","inline_featured_image":false,"footnotes":""},"class_list":["post-2314","page","type-page","status-publish","hentry"],"acf":[],"yoast_head":"<!-- This site is optimized with the Yoast SEO plugin v27.2 - https:\/\/yoast.com\/product\/yoast-seo-wordpress\/ -->\n<title>Projects - HDZ<\/title>\n<meta name=\"robots\" content=\"index, follow, max-snippet:-1, max-image-preview:large, max-video-preview:-1\" \/>\n<link rel=\"canonical\" href=\"https:\/\/www.hdz-bawue.de\/en\/projects\/\" \/>\n<meta property=\"og:locale\" content=\"en_US\" \/>\n<meta property=\"og:type\" content=\"article\" \/>\n<meta property=\"og:title\" content=\"Projects - HDZ\" \/>\n<meta property=\"og:description\" content=\"ProjectsCurrent Projects.Our externally funded projects focus on educational development topics or target groups in order to develop new concepts, methods or materials for forward-looking, quality teaching.Completed Projects.The PePP project contributes to sustainably strengthening the digitalization of teaching, learning and examination at Baden-W\u00fcrttemberg universities. In addition to the nine state universities, the Higher Education Network for [&hellip;]\" \/>\n<meta property=\"og:url\" content=\"https:\/\/www.hdz-bawue.de\/en\/projects\/\" \/>\n<meta property=\"og:site_name\" content=\"HDZ\" \/>\n<meta property=\"article:modified_time\" content=\"2025-02-27T08:28:26+00:00\" \/>\n<meta name=\"twitter:card\" content=\"summary_large_image\" \/>\n<meta name=\"twitter:label1\" content=\"Est. reading time\" \/>\n\t<meta name=\"twitter:data1\" content=\"4 minutes\" \/>\n<script type=\"application\/ld+json\" class=\"yoast-schema-graph\">{\"@context\":\"https:\/\/schema.org\",\"@graph\":[{\"@type\":\"WebPage\",\"@id\":\"https:\/\/www.hdz-bawue.de\/en\/projects\/\",\"url\":\"https:\/\/www.hdz-bawue.de\/en\/projects\/\",\"name\":\"Projects - HDZ\",\"isPartOf\":{\"@id\":\"https:\/\/www.hdz-bawue.de\/#website\"},\"datePublished\":\"2023-05-03T08:26:25+00:00\",\"dateModified\":\"2025-02-27T08:28:26+00:00\",\"breadcrumb\":{\"@id\":\"https:\/\/www.hdz-bawue.de\/en\/projects\/#breadcrumb\"},\"inLanguage\":\"en-US\",\"potentialAction\":[{\"@type\":\"ReadAction\",\"target\":[\"https:\/\/www.hdz-bawue.de\/en\/projects\/\"]}]},{\"@type\":\"BreadcrumbList\",\"@id\":\"https:\/\/www.hdz-bawue.de\/en\/projects\/#breadcrumb\",\"itemListElement\":[{\"@type\":\"ListItem\",\"position\":1,\"name\":\"Startseite\",\"item\":\"https:\/\/www.hdz-bawue.de\/en\/\"},{\"@type\":\"ListItem\",\"position\":2,\"name\":\"Projects\"}]},{\"@type\":\"WebSite\",\"@id\":\"https:\/\/www.hdz-bawue.de\/#website\",\"url\":\"https:\/\/www.hdz-bawue.de\/\",\"name\":\"HDZ\",\"description\":\"\",\"potentialAction\":[{\"@type\":\"SearchAction\",\"target\":{\"@type\":\"EntryPoint\",\"urlTemplate\":\"https:\/\/www.hdz-bawue.de\/?s={search_term_string}\"},\"query-input\":{\"@type\":\"PropertyValueSpecification\",\"valueRequired\":true,\"valueName\":\"search_term_string\"}}],\"inLanguage\":\"en-US\"}]}<\/script>\n<!-- \/ Yoast SEO plugin. -->","yoast_head_json":{"title":"Projects - HDZ","robots":{"index":"index","follow":"follow","max-snippet":"max-snippet:-1","max-image-preview":"max-image-preview:large","max-video-preview":"max-video-preview:-1"},"canonical":"https:\/\/www.hdz-bawue.de\/en\/projects\/","og_locale":"en_US","og_type":"article","og_title":"Projects - HDZ","og_description":"ProjectsCurrent Projects.Our externally funded projects focus on educational development topics or target groups in order to develop new concepts, methods or materials for forward-looking, quality teaching.Completed Projects.The PePP project contributes to sustainably strengthening the digitalization of teaching, learning and examination at Baden-W\u00fcrttemberg universities. In addition to the nine state universities, the Higher Education Network for [&hellip;]","og_url":"https:\/\/www.hdz-bawue.de\/en\/projects\/","og_site_name":"HDZ","article_modified_time":"2025-02-27T08:28:26+00:00","twitter_card":"summary_large_image","twitter_misc":{"Est. reading time":"4 minutes"},"schema":{"@context":"https:\/\/schema.org","@graph":[{"@type":"WebPage","@id":"https:\/\/www.hdz-bawue.de\/en\/projects\/","url":"https:\/\/www.hdz-bawue.de\/en\/projects\/","name":"Projects - HDZ","isPartOf":{"@id":"https:\/\/www.hdz-bawue.de\/#website"},"datePublished":"2023-05-03T08:26:25+00:00","dateModified":"2025-02-27T08:28:26+00:00","breadcrumb":{"@id":"https:\/\/www.hdz-bawue.de\/en\/projects\/#breadcrumb"},"inLanguage":"en-US","potentialAction":[{"@type":"ReadAction","target":["https:\/\/www.hdz-bawue.de\/en\/projects\/"]}]},{"@type":"BreadcrumbList","@id":"https:\/\/www.hdz-bawue.de\/en\/projects\/#breadcrumb","itemListElement":[{"@type":"ListItem","position":1,"name":"Startseite","item":"https:\/\/www.hdz-bawue.de\/en\/"},{"@type":"ListItem","position":2,"name":"Projects"}]},{"@type":"WebSite","@id":"https:\/\/www.hdz-bawue.de\/#website","url":"https:\/\/www.hdz-bawue.de\/","name":"HDZ","description":"","potentialAction":[{"@type":"SearchAction","target":{"@type":"EntryPoint","urlTemplate":"https:\/\/www.hdz-bawue.de\/?s={search_term_string}"},"query-input":{"@type":"PropertyValueSpecification","valueRequired":true,"valueName":"search_term_string"}}],"inLanguage":"en-US"}]}},"publishpress_future_action":{"enabled":false,"date":"2026-05-21 00:29:57","action":"change-status","newStatus":"draft","terms":[],"taxonomy":"translation_priority","extraData":[]},"publishpress_future_workflow_manual_trigger":{"enabledWorkflows":[]},"_links":{"self":[{"href":"https:\/\/www.hdz-bawue.de\/en\/wp-json\/wp\/v2\/pages\/2314","targetHints":{"allow":["GET"]}}],"collection":[{"href":"https:\/\/www.hdz-bawue.de\/en\/wp-json\/wp\/v2\/pages"}],"about":[{"href":"https:\/\/www.hdz-bawue.de\/en\/wp-json\/wp\/v2\/types\/page"}],"author":[{"embeddable":true,"href":"https:\/\/www.hdz-bawue.de\/en\/wp-json\/wp\/v2\/users\/1"}],"replies":[{"embeddable":true,"href":"https:\/\/www.hdz-bawue.de\/en\/wp-json\/wp\/v2\/comments?post=2314"}],"version-history":[{"count":9,"href":"https:\/\/www.hdz-bawue.de\/en\/wp-json\/wp\/v2\/pages\/2314\/revisions"}],"predecessor-version":[{"id":2937,"href":"https:\/\/www.hdz-bawue.de\/en\/wp-json\/wp\/v2\/pages\/2314\/revisions\/2937"}],"wp:attachment":[{"href":"https:\/\/www.hdz-bawue.de\/en\/wp-json\/wp\/v2\/media?parent=2314"}],"curies":[{"name":"wp","href":"https:\/\/api.w.org\/{rel}","templated":true}]}}