{"id":2321,"date":"2023-04-25T15:42:36","date_gmt":"2023-04-25T13:42:36","guid":{"rendered":"https:\/\/www.hdz-bawue.de\/faq\/"},"modified":"2025-02-25T11:16:57","modified_gmt":"2025-02-25T10:16:57","slug":"faq","status":"publish","type":"page","link":"https:\/\/www.hdz-bawue.de\/en\/faq\/","title":{"rendered":"FAQ"},"content":{"rendered":"<p>[et_pb_section fb_built=&#8221;1&#8243; admin_label=&#8221;section&#8221; _builder_version=&#8221;4.20.0&#8243; background_color=&#8221;#FFFFFF&#8221; background_image=&#8221;https:\/\/www.hdz-bawue.de\/wp-content\/uploads\/2023\/04\/headerbild.png&#8221; custom_padding=&#8221;200px||0px||false|false&#8221; global_colors_info=&#8221;{}&#8221;][et_pb_row module_class=&#8221;welle-oben&#8221; _builder_version=&#8221;4.20.0&#8243; _module_preset=&#8221;default&#8221; width=&#8221;100%&#8221; max_width=&#8221;100vw&#8221; custom_padding=&#8221;0px||0px||false|false&#8221; locked=&#8221;off&#8221; global_colors_info=&#8221;{}&#8221;][et_pb_column type=&#8221;4_4&#8243; _builder_version=&#8221;4.20.0&#8243; _module_preset=&#8221;default&#8221; global_colors_info=&#8221;{}&#8221;][et_pb_image src=&#8221;https:\/\/www.hdz-bawue.de\/wp-content\/uploads\/2023\/04\/welle_oben.png&#8221; title_text=&#8221;welle_oben&#8221; _builder_version=&#8221;4.20.0&#8243; _module_preset=&#8221;default&#8221; width=&#8221;100%&#8221; global_colors_info=&#8221;{}&#8221;][\/et_pb_image][\/et_pb_column][\/et_pb_row][et_pb_row use_custom_gutter=&#8221;on&#8221; gutter_width=&#8221;1&#8243; make_equal=&#8221;on&#8221; custom_padding_last_edited=&#8221;on|phone&#8221; admin_label=&#8221;row&#8221; _builder_version=&#8221;4.20.0&#8243; background_size=&#8221;initial&#8221; background_position=&#8221;top_left&#8221; background_repeat=&#8221;repeat&#8221; module_alignment=&#8221;center&#8221; custom_margin=&#8221;||||false|false&#8221; custom_margin_tablet=&#8221;0px||||false|false&#8221; custom_margin_phone=&#8221;0px||||false|false&#8221; custom_margin_last_edited=&#8221;on|desktop&#8221; custom_padding=&#8221;130px||0px||false|false&#8221; custom_padding_tablet=&#8221;50px||0px||false|false&#8221; custom_padding_phone=&#8221;20px||||false|false&#8221; global_colors_info=&#8221;{}&#8221;][et_pb_column type=&#8221;4_4&#8243; _builder_version=&#8221;4.20.0&#8243; custom_padding=&#8221;|||&#8221; custom_css_main_element=&#8221;margin:auto;&#8221; global_colors_info=&#8221;{}&#8221; custom_padding__hover=&#8221;|||&#8221;][et_pb_text admin_label=&#8221;FAQ&#8221; module_class=&#8221;sub-headline&#8221; _builder_version=&#8221;4.20.0&#8243; _module_preset=&#8221;default&#8221; custom_padding=&#8221;||30px||false|false&#8221; global_colors_info=&#8221;{}&#8221;]<\/p>\n<p><strong>FAQ<\/strong><\/p>\n<p>[\/et_pb_text][et_pb_text admin_label=&#8221;H\u00e4ufige Fragen.&#8221; _builder_version=&#8221;4.27.4&#8243; _module_preset=&#8221;default&#8221; custom_padding=&#8221;||30px||false|false&#8221; hover_enabled=&#8221;0&#8243; global_colors_info=&#8221;{}&#8221; sticky_enabled=&#8221;0&#8243;]<\/p>\n<h1>Frequently asked questions.<\/h1>\n<p>[\/et_pb_text][et_pb_text module_class=&#8221;teaser-text&#8221; _builder_version=&#8221;4.27.4&#8243; _module_preset=&#8221;default&#8221; custom_padding=&#8221;||30px||false|false&#8221; hover_enabled=&#8221;0&#8243; global_colors_info=&#8221;{}&#8221; sticky_enabled=&#8221;0&#8243;]<\/p>\n<p>This page provides you with answers to frequently asked questions.\u00a0<\/p>\n<p>[\/et_pb_text][\/et_pb_column][\/et_pb_row][\/et_pb_section][et_pb_section fb_built=&#8221;1&#8243; _builder_version=&#8221;4.20.0&#8243; _module_preset=&#8221;default&#8221; custom_margin=&#8221;||||false|false&#8221; custom_padding=&#8221;0px||130px||false|false&#8221; global_colors_info=&#8221;{}&#8221;][et_pb_row _builder_version=&#8221;4.20.0&#8243; _module_preset=&#8221;default&#8221; custom_padding=&#8221;0px||0px||false|false&#8221; global_colors_info=&#8221;{}&#8221;][et_pb_column type=&#8221;4_4&#8243; _builder_version=&#8221;4.20.0&#8243; _module_preset=&#8221;default&#8221; global_colors_info=&#8221;{}&#8221;][et_pb_accordion _builder_version=&#8221;4.22.1&#8243; _module_preset=&#8221;default&#8221; custom_margin=&#8221;||||false|false&#8221; global_colors_info=&#8221;{}&#8221;][et_pb_accordion_item title=&#8221;Wer kann sich f\u00fcr die Angebote des HDZ anmelden?&#8221; open=&#8221;on&#8221; _builder_version=&#8221;4.20.0&#8243; _module_preset=&#8221;default&#8221; custom_margin=&#8221;||20px||false|false&#8221; global_colors_info=&#8221;{}&#8221; toggle_level=&#8221;h4&#8243;]<\/p>\n<p>Das Angebot des HDZ richtet sich an Lehrende der neun Universit\u00e4ten und sechs P\u00e4dagogischen Hochschulen in Baden-W\u00fcrttemberg<\/p>\n<p>[\/et_pb_accordion_item][et_pb_accordion_item title=&#8221;Wie kann ich mich anmelden?&#8221; _builder_version=&#8221;4.20.0&#8243; _module_preset=&#8221;default&#8221; custom_margin=&#8221;||20px||false|false&#8221; global_colors_info=&#8221;{}&#8221; toggle_level=&#8221;h4&#8243; open=&#8221;off&#8221;]<\/p>\n<p>Die Anmeldung zu den Veranstaltungen erfolgt ausschlie\u00dflich online \u00fcber unsere Homepage.<\/p>\n<p>[\/et_pb_accordion_item][et_pb_accordion_item title=&#8221;Was passiert nach der Anmeldung?&#8221; _builder_version=&#8221;4.22.1&#8243; _module_preset=&#8221;default&#8221; custom_margin=&#8221;||20px||false|false&#8221; global_colors_info=&#8221;{}&#8221; toggle_level=&#8221;h4&#8243; open=&#8221;off&#8221;]<\/p>\n<p>Nachdem Sie sich online \u00fcber unsere Homepage angemeldet haben, bekommen Sie eine E-Mail zur Best\u00e4tigung Ihrer Anmeldung.<\/p>\n<p>[\/et_pb_accordion_item][et_pb_accordion_item title=&#8221;Ich habe mich f\u00fcr eine Veranstaltung angemeldet und die Best\u00e4tigungsmail erhalten. Wann bekomme ich eine Einladung?&#8221; _builder_version=&#8221;4.22.1&#8243; _module_preset=&#8221;default&#8221; custom_margin=&#8221;||20px||false|false&#8221; global_colors_info=&#8221;{}&#8221; toggle_level=&#8221;h4&#8243; open=&#8221;off&#8221;]<\/p>\n<p>Rechtzeitig vor Veranstaltungsbeginn erhalten Sie eine E-Mail mit weiteren Informationen zum Ort, Zeitpunkt etc.<\/p>\n<p>[\/et_pb_accordion_item][et_pb_accordion_item title=&#8221;Ich kann an der Veranstaltung nicht teilnehmen?&#8221; _builder_version=&#8221;4.20.0&#8243; _module_preset=&#8221;default&#8221; custom_margin=&#8221;||20px||false|false&#8221; global_colors_info=&#8221;{}&#8221; toggle_level=&#8221;h4&#8243; open=&#8221;off&#8221;]<\/p>\n<p>Eine Abmeldung erfolgt ausschlie\u00dflich schriftlich. Sie k\u00f6nnen sich bis 14 Kalendertage vor dem 1. Veranstaltungstag bei Pr\u00e4senzworkshops oder 14 Kalendertage vor Beginn des 1. Tages der Selbstlernphase wie zum Beispiel bei Online-Formaten kostenfrei abmelden.<\/p>\n<p>[\/et_pb_accordion_item][et_pb_accordion_item title=&#8221;Ich kann an einer Veranstaltung nicht im ganzen Umfang teilnehmen. Kann ich die Teilnahmebest\u00e4tigung trotzdem bekommen?&#8221; _builder_version=&#8221;4.20.0&#8243; _module_preset=&#8221;default&#8221; custom_margin=&#8221;||20px||false|false&#8221; global_colors_info=&#8221;{}&#8221; toggle_level=&#8221;h4&#8243; open=&#8221;off&#8221;]<\/p>\n<p>Sie sollten 80% der Veranstaltung anwesend sein, damit die Ausstellung der Teilnahmebest\u00e4tigung m\u00f6glich ist.<\/p>\n<p>[\/et_pb_accordion_item][et_pb_accordion_item title=&#8221;Was bedeutet AE?&#8221; _builder_version=&#8221;4.20.0&#8243; _module_preset=&#8221;default&#8221; custom_margin=&#8221;||20px||false|false&#8221; global_colors_info=&#8221;{}&#8221; toggle_level=&#8221;h4&#8243; open=&#8221;off&#8221;]<\/p>\n<p>Unter &#8220;AE&#8221; versteht man die Akademischen Arbeitseinheiten einer Veranstaltung. Eine Arbeitseinheit sind 45 Minuten.<\/p>\n<p>[\/et_pb_accordion_item][et_pb_accordion_item title=&#8221;Welche Kosten kommen auf mich zu?&#8221; _builder_version=&#8221;4.22.1&#8243; _module_preset=&#8221;default&#8221; custom_margin=&#8221;||20px||false|false&#8221; global_colors_info=&#8221;{}&#8221; toggle_level=&#8221;h4&#8243; open=&#8221;off&#8221;]<\/p>\n<p>Die Kosten der Veranstaltungen \u00fcbernehmen die Universit\u00e4ten und P\u00e4dagogischen Hochschulen des Landes Baden-W\u00fcrttemberg. Von Ihnen erheben wir folgende Kostenbeitr\u00e4ge:<\/p>\n<table>\n<tbody>\n<tr>\n<td width=\"122\">\n<p>1 \u2013 8 AE<\/p>\n<\/td>\n<td width=\"113\">\n<p>25 \u20ac<\/p>\n<\/td>\n<\/tr>\n<tr>\n<td width=\"122\">\n<p>9 \u2013 16 AE<\/p>\n<\/td>\n<td width=\"113\">\n<p>50 \u20ac<\/p>\n<\/td>\n<\/tr>\n<tr>\n<td width=\"122\">\n<p>17 \u2013 24 AE<\/p>\n<\/td>\n<td width=\"113\">\n<p>75 \u20ac<\/p>\n<\/td>\n<\/tr>\n<tr>\n<td width=\"122\">\n<p>25 \u2013 32 AE<\/p>\n<\/td>\n<td width=\"113\">\n<p>100 \u20ac<\/p>\n<\/td>\n<\/tr>\n<\/tbody>\n<\/table>\n<p>Abweichungen sind m\u00f6glich. Die Zahlungsweise ist abh\u00e4ngig von den jeweiligen Bedingungen der durchf\u00fchrenden Einrichtung.<\/p>\n<p>[\/et_pb_accordion_item][\/et_pb_accordion][\/et_pb_column][\/et_pb_row][\/et_pb_section]<\/p>\n","protected":false},"excerpt":{"rendered":"<p>FAQFrequently asked questions.This page provides you with answers to frequently asked questions.\u00a0Das Angebot des HDZ richtet sich an Lehrende der neun Universit\u00e4ten und sechs P\u00e4dagogischen Hochschulen in Baden-W\u00fcrttembergDie Anmeldung zu den Veranstaltungen erfolgt ausschlie\u00dflich online \u00fcber unsere Homepage.Nachdem Sie sich online \u00fcber unsere Homepage angemeldet haben, bekommen Sie eine E-Mail zur Best\u00e4tigung Ihrer Anmeldung.Rechtzeitig vor [&hellip;]<\/p>\n","protected":false},"author":1,"featured_media":0,"parent":0,"menu_order":0,"comment_status":"closed","ping_status":"closed","template":"","meta":{"_acf_changed":false,"_et_pb_use_builder":"on","_et_pb_old_content":"","_et_gb_content_width":"","inline_featured_image":false,"footnotes":""},"class_list":["post-2321","page","type-page","status-publish","hentry"],"acf":[],"yoast_head":"<!-- This site is optimized with the Yoast SEO plugin v27.2 - https:\/\/yoast.com\/product\/yoast-seo-wordpress\/ -->\n<title>FAQ - HDZ<\/title>\n<meta name=\"robots\" content=\"index, follow, max-snippet:-1, max-image-preview:large, max-video-preview:-1\" \/>\n<link rel=\"canonical\" href=\"https:\/\/www.hdz-bawue.de\/en\/faq\/\" \/>\n<meta property=\"og:locale\" content=\"en_US\" \/>\n<meta property=\"og:type\" content=\"article\" \/>\n<meta property=\"og:title\" content=\"FAQ - HDZ\" \/>\n<meta property=\"og:description\" content=\"FAQFrequently asked questions.This page provides you with answers to frequently asked questions.\u00a0Das Angebot des HDZ richtet sich an Lehrende der neun Universit\u00e4ten und sechs P\u00e4dagogischen Hochschulen in Baden-W\u00fcrttembergDie Anmeldung zu den Veranstaltungen erfolgt ausschlie\u00dflich online \u00fcber unsere Homepage.Nachdem Sie sich online \u00fcber unsere Homepage angemeldet haben, bekommen Sie eine E-Mail zur Best\u00e4tigung Ihrer Anmeldung.Rechtzeitig vor [&hellip;]\" \/>\n<meta property=\"og:url\" content=\"https:\/\/www.hdz-bawue.de\/en\/faq\/\" \/>\n<meta property=\"og:site_name\" content=\"HDZ\" \/>\n<meta property=\"article:modified_time\" content=\"2025-02-25T10:16:57+00:00\" \/>\n<meta name=\"twitter:card\" content=\"summary_large_image\" \/>\n<meta name=\"twitter:label1\" content=\"Est. reading time\" \/>\n\t<meta name=\"twitter:data1\" content=\"2 minutes\" \/>\n<script type=\"application\/ld+json\" class=\"yoast-schema-graph\">{\"@context\":\"https:\/\/schema.org\",\"@graph\":[{\"@type\":\"WebPage\",\"@id\":\"https:\/\/www.hdz-bawue.de\/en\/faq\/\",\"url\":\"https:\/\/www.hdz-bawue.de\/en\/faq\/\",\"name\":\"FAQ - HDZ\",\"isPartOf\":{\"@id\":\"https:\/\/www.hdz-bawue.de\/#website\"},\"datePublished\":\"2023-04-25T13:42:36+00:00\",\"dateModified\":\"2025-02-25T10:16:57+00:00\",\"breadcrumb\":{\"@id\":\"https:\/\/www.hdz-bawue.de\/en\/faq\/#breadcrumb\"},\"inLanguage\":\"en-US\",\"potentialAction\":[{\"@type\":\"ReadAction\",\"target\":[\"https:\/\/www.hdz-bawue.de\/en\/faq\/\"]}]},{\"@type\":\"BreadcrumbList\",\"@id\":\"https:\/\/www.hdz-bawue.de\/en\/faq\/#breadcrumb\",\"itemListElement\":[{\"@type\":\"ListItem\",\"position\":1,\"name\":\"Startseite\",\"item\":\"https:\/\/www.hdz-bawue.de\/en\/\"},{\"@type\":\"ListItem\",\"position\":2,\"name\":\"FAQ\"}]},{\"@type\":\"WebSite\",\"@id\":\"https:\/\/www.hdz-bawue.de\/#website\",\"url\":\"https:\/\/www.hdz-bawue.de\/\",\"name\":\"HDZ\",\"description\":\"\",\"potentialAction\":[{\"@type\":\"SearchAction\",\"target\":{\"@type\":\"EntryPoint\",\"urlTemplate\":\"https:\/\/www.hdz-bawue.de\/?s={search_term_string}\"},\"query-input\":{\"@type\":\"PropertyValueSpecification\",\"valueRequired\":true,\"valueName\":\"search_term_string\"}}],\"inLanguage\":\"en-US\"}]}<\/script>\n<!-- \/ Yoast SEO plugin. -->","yoast_head_json":{"title":"FAQ - HDZ","robots":{"index":"index","follow":"follow","max-snippet":"max-snippet:-1","max-image-preview":"max-image-preview:large","max-video-preview":"max-video-preview:-1"},"canonical":"https:\/\/www.hdz-bawue.de\/en\/faq\/","og_locale":"en_US","og_type":"article","og_title":"FAQ - HDZ","og_description":"FAQFrequently asked questions.This page provides you with answers to frequently asked questions.\u00a0Das Angebot des HDZ richtet sich an Lehrende der neun Universit\u00e4ten und sechs P\u00e4dagogischen Hochschulen in Baden-W\u00fcrttembergDie Anmeldung zu den Veranstaltungen erfolgt ausschlie\u00dflich online \u00fcber unsere Homepage.Nachdem Sie sich online \u00fcber unsere Homepage angemeldet haben, bekommen Sie eine E-Mail zur Best\u00e4tigung Ihrer Anmeldung.Rechtzeitig vor [&hellip;]","og_url":"https:\/\/www.hdz-bawue.de\/en\/faq\/","og_site_name":"HDZ","article_modified_time":"2025-02-25T10:16:57+00:00","twitter_card":"summary_large_image","twitter_misc":{"Est. reading time":"2 minutes"},"schema":{"@context":"https:\/\/schema.org","@graph":[{"@type":"WebPage","@id":"https:\/\/www.hdz-bawue.de\/en\/faq\/","url":"https:\/\/www.hdz-bawue.de\/en\/faq\/","name":"FAQ - HDZ","isPartOf":{"@id":"https:\/\/www.hdz-bawue.de\/#website"},"datePublished":"2023-04-25T13:42:36+00:00","dateModified":"2025-02-25T10:16:57+00:00","breadcrumb":{"@id":"https:\/\/www.hdz-bawue.de\/en\/faq\/#breadcrumb"},"inLanguage":"en-US","potentialAction":[{"@type":"ReadAction","target":["https:\/\/www.hdz-bawue.de\/en\/faq\/"]}]},{"@type":"BreadcrumbList","@id":"https:\/\/www.hdz-bawue.de\/en\/faq\/#breadcrumb","itemListElement":[{"@type":"ListItem","position":1,"name":"Startseite","item":"https:\/\/www.hdz-bawue.de\/en\/"},{"@type":"ListItem","position":2,"name":"FAQ"}]},{"@type":"WebSite","@id":"https:\/\/www.hdz-bawue.de\/#website","url":"https:\/\/www.hdz-bawue.de\/","name":"HDZ","description":"","potentialAction":[{"@type":"SearchAction","target":{"@type":"EntryPoint","urlTemplate":"https:\/\/www.hdz-bawue.de\/?s={search_term_string}"},"query-input":{"@type":"PropertyValueSpecification","valueRequired":true,"valueName":"search_term_string"}}],"inLanguage":"en-US"}]}},"publishpress_future_action":{"enabled":false,"date":"2026-04-23 08:06:14","action":"change-status","newStatus":"draft","terms":[],"taxonomy":"translation_priority","extraData":[]},"publishpress_future_workflow_manual_trigger":{"enabledWorkflows":[]},"_links":{"self":[{"href":"https:\/\/www.hdz-bawue.de\/en\/wp-json\/wp\/v2\/pages\/2321","targetHints":{"allow":["GET"]}}],"collection":[{"href":"https:\/\/www.hdz-bawue.de\/en\/wp-json\/wp\/v2\/pages"}],"about":[{"href":"https:\/\/www.hdz-bawue.de\/en\/wp-json\/wp\/v2\/types\/page"}],"author":[{"embeddable":true,"href":"https:\/\/www.hdz-bawue.de\/en\/wp-json\/wp\/v2\/users\/1"}],"replies":[{"embeddable":true,"href":"https:\/\/www.hdz-bawue.de\/en\/wp-json\/wp\/v2\/comments?post=2321"}],"version-history":[{"count":7,"href":"https:\/\/www.hdz-bawue.de\/en\/wp-json\/wp\/v2\/pages\/2321\/revisions"}],"predecessor-version":[{"id":2910,"href":"https:\/\/www.hdz-bawue.de\/en\/wp-json\/wp\/v2\/pages\/2321\/revisions\/2910"}],"wp:attachment":[{"href":"https:\/\/www.hdz-bawue.de\/en\/wp-json\/wp\/v2\/media?parent=2321"}],"curies":[{"name":"wp","href":"https:\/\/api.w.org\/{rel}","templated":true}]}}