{"id":2512,"date":"2024-03-21T10:41:02","date_gmt":"2024-03-21T09:41:02","guid":{"rendered":"https:\/\/www.hdz-bawue.de\/?page_id=2512"},"modified":"2025-02-27T09:22:52","modified_gmt":"2025-02-27T08:22:52","slug":"best-practice-collection-examinations-and-assessments","status":"publish","type":"page","link":"https:\/\/www.hdz-bawue.de\/en\/best-practice-collection-examinations-and-assessments\/","title":{"rendered":"Best practice collection \u201cExaminations and assessments\u201d"},"content":{"rendered":"<p>[et_pb_section fb_built=&#8221;1&#8243; custom_padding_last_edited=&#8221;off|phone&#8221; admin_label=&#8221;section&#8221; _builder_version=&#8221;4.23.4&#8243; background_color=&#8221;#FFFFFF&#8221; background_image=&#8221;https:\/\/www.hdz-bawue.de\/wp-content\/uploads\/2023\/04\/headerbild.png&#8221; custom_padding=&#8221;200px||0px||false|false&#8221; custom_padding_tablet=&#8221;||||false|false&#8221; custom_padding_phone=&#8221;||50px||false|false&#8221; global_colors_info=&#8221;{}&#8221;][et_pb_row module_class=&#8221;welle-oben&#8221; _builder_version=&#8221;4.23.4&#8243; _module_preset=&#8221;default&#8221; width=&#8221;100%&#8221; max_width=&#8221;100vw&#8221; custom_padding=&#8221;0px||0px||false|false&#8221; locked=&#8221;off&#8221; global_colors_info=&#8221;{}&#8221;][et_pb_column type=&#8221;4_4&#8243; _builder_version=&#8221;4.20.0&#8243; _module_preset=&#8221;default&#8221; global_colors_info=&#8221;{}&#8221;][et_pb_image src=&#8221;https:\/\/www.hdz-bawue.de\/wp-content\/uploads\/2023\/04\/welle_oben.png&#8221; title_text=&#8221;welle_oben&#8221; _builder_version=&#8221;4.23.4&#8243; _module_preset=&#8221;default&#8221; width=&#8221;100%&#8221; global_colors_info=&#8221;{}&#8221;][\/et_pb_image][\/et_pb_column][\/et_pb_row][et_pb_row use_custom_gutter=&#8221;on&#8221; gutter_width=&#8221;1&#8243; make_equal=&#8221;on&#8221; custom_padding_last_edited=&#8221;on|phone&#8221; admin_label=&#8221;row&#8221; _builder_version=&#8221;4.23.4&#8243; background_size=&#8221;initial&#8221; background_position=&#8221;top_left&#8221; background_repeat=&#8221;repeat&#8221; module_alignment=&#8221;center&#8221; custom_margin=&#8221;||||false|false&#8221; custom_margin_tablet=&#8221;0px||||false|false&#8221; custom_margin_phone=&#8221;0px||||false|false&#8221; custom_margin_last_edited=&#8221;on|desktop&#8221; custom_padding=&#8221;130px||0px||false|false&#8221; custom_padding_tablet=&#8221;50px||||false|false&#8221; custom_padding_phone=&#8221;20px||||false|false&#8221; global_colors_info=&#8221;{}&#8221;][et_pb_column type=&#8221;4_4&#8243; _builder_version=&#8221;4.20.0&#8243; custom_padding=&#8221;|||&#8221; custom_css_main_element=&#8221;margin:auto;&#8221; global_colors_info=&#8221;{}&#8221; custom_padding__hover=&#8221;|||&#8221;][et_pb_text admin_label=&#8221;Angebote &#038; Service&#8221; module_class=&#8221;sub-headline&#8221; _builder_version=&#8221;4.23.4&#8243; _module_preset=&#8221;default&#8221; custom_padding=&#8221;||30px||false|false&#8221; global_colors_info=&#8221;{}&#8221;]<\/p>\n<p><strong>Services<\/strong><\/p>\n<p>[\/et_pb_text][et_pb_text admin_label=&#8221;Best Practice Sammlung %22Pr\u00fcfungen und Assessments%22&#8243; _builder_version=&#8221;4.23.4&#8243; _module_preset=&#8221;default&#8221; custom_padding=&#8221;||30px||false|false&#8221; global_colors_info=&#8221;{}&#8221;]<\/p>\n<h1>Best practice collection.<\/h1>\n<p>[\/et_pb_text][et_pb_text module_class=&#8221;teaser-text&#8221; _builder_version=&#8221;4.23.4&#8243; _module_preset=&#8221;default&#8221; custom_padding=&#8221;||30px||false|false&#8221; global_colors_info=&#8221;{}&#8221;]<\/p>\n<p>In our best practice collection on examinations and assessments you will find examples from various universities and subject areas.<\/p>\n<p>[\/et_pb_text][\/et_pb_column][\/et_pb_row][\/et_pb_section][et_pb_section fb_built=&#8221;1&#8243; _builder_version=&#8221;4.20.0&#8243; _module_preset=&#8221;default&#8221; custom_padding=&#8221;0px||||false|false&#8221; global_colors_info=&#8221;{}&#8221;][et_pb_row column_structure=&#8221;1_2,1_2&#8243; use_custom_gutter=&#8221;on&#8221; gutter_width=&#8221;2&#8243; custom_padding_last_edited=&#8221;on|tablet&#8221; admin_label=&#8221;Video&#8221; module_class=&#8221;video-module&#8221; _builder_version=&#8221;4.23.4&#8243; _module_preset=&#8221;default&#8221; custom_padding_tablet=&#8221;||0px||false|false&#8221; custom_padding_phone=&#8221;||0px||false|false&#8221; custom_css_main_element=&#8221;margin-bottom:0px;&#8221; global_colors_info=&#8221;{}&#8221;][et_pb_column type=&#8221;1_2&#8243; _builder_version=&#8221;4.20.0&#8243; _module_preset=&#8221;default&#8221; custom_css_main_element=&#8221;margin-bottom:0px;&#8221; global_colors_info=&#8221;{}&#8221;][et_pb_text admin_label=&#8221;Titel&#8221; _builder_version=&#8221;4.25.1&#8243; _module_preset=&#8221;default&#8221; global_colors_info=&#8221;{}&#8221;]<\/p>\n<h3 class=\"et_pb_module_header\">ILIAS E-Pr\u00fcfungen &#8211; Kommunikations-<br \/>wissenschaft<\/h3>\n<p>[\/et_pb_text][et_pb_video src=&#8221;https:\/\/youtu.be\/kwBIlB5_XdI&#8221; src_last_edited=&#8221;off|desktop&#8221; _builder_version=&#8221;4.25.1&#8243; _module_preset=&#8221;default&#8221; global_colors_info=&#8221;{}&#8221;][\/et_pb_video][et_pb_text _builder_version=&#8221;4.25.1&#8243; _module_preset=&#8221;default&#8221; global_colors_info=&#8221;{}&#8221;]<\/p>\n<p>Tobias Schrimpf und Jan Dvorak<br \/>Universit\u00e4t Hohenheim<\/p>\n<p>[\/et_pb_text][\/et_pb_column][et_pb_column type=&#8221;1_2&#8243; _builder_version=&#8221;4.20.0&#8243; _module_preset=&#8221;default&#8221; global_colors_info=&#8221;{}&#8221;][et_pb_text admin_label=&#8221;Titel&#8221; _builder_version=&#8221;4.25.1&#8243; _module_preset=&#8221;default&#8221; global_colors_info=&#8221;{}&#8221;]<\/p>\n<h3 class=\"et_pb_module_header\">on Campus online Pr\u00fcfungen &#8211; \u00d6kologie und Biodiversit\u00e4t<\/h3>\n<p>[\/et_pb_text][et_pb_video src=&#8221;https:\/\/youtu.be\/vccQQF8XZUI&#8221; _builder_version=&#8221;4.23.4&#8243; _module_preset=&#8221;default&#8221; global_colors_info=&#8221;{}&#8221;][\/et_pb_video][et_pb_text _builder_version=&#8221;4.25.1&#8243; _module_preset=&#8221;default&#8221; global_colors_info=&#8221;{}&#8221;]<\/p>\n<p>Dr. Nils Anthes<br \/>Universit\u00e4t T\u00fcbingen<\/p>\n<p>[\/et_pb_text][\/et_pb_column][\/et_pb_row][et_pb_row column_structure=&#8221;1_2,1_2&#8243; use_custom_gutter=&#8221;on&#8221; gutter_width=&#8221;2&#8243; custom_padding_last_edited=&#8221;on|tablet&#8221; admin_label=&#8221;Video&#8221; module_class=&#8221;video-module&#8221; _builder_version=&#8221;4.23.4&#8243; _module_preset=&#8221;default&#8221; custom_padding_tablet=&#8221;||0px||false|false&#8221; custom_padding_phone=&#8221;||0px||false|false&#8221; custom_css_main_element=&#8221;margin-bottom:0px;&#8221; global_colors_info=&#8221;{}&#8221;][et_pb_column type=&#8221;1_2&#8243; _builder_version=&#8221;4.20.0&#8243; _module_preset=&#8221;default&#8221; custom_css_main_element=&#8221;margin-bottom:0px;&#8221; global_colors_info=&#8221;{}&#8221;][et_pb_text admin_label=&#8221;Titel&#8221; _builder_version=&#8221;4.25.1&#8243; _module_preset=&#8221;default&#8221; global_colors_info=&#8221;{}&#8221;]<\/p>\n<h3 class=\"et_pb_module_header\">Synchrones online Testformat auf ILIAS &#8211; Baubetrieb und Bauprozess-<br \/>management<\/h3>\n<p>[\/et_pb_text][et_pb_video src=&#8221;https:\/\/youtu.be\/iqR6mg7J9zo&#8221; src_last_edited=&#8221;off|desktop&#8221; _builder_version=&#8221;4.23.4&#8243; _module_preset=&#8221;default&#8221; global_colors_info=&#8221;{}&#8221;][\/et_pb_video][et_pb_text _builder_version=&#8221;4.25.1&#8243; _module_preset=&#8221;default&#8221; global_colors_info=&#8221;{}&#8221;]<\/p>\n<p>M. eng. Paul Christian John<br \/>Karlsruher Institut f\u00fcr Technologie <\/p>\n<p>[\/et_pb_text][\/et_pb_column][et_pb_column type=&#8221;1_2&#8243; _builder_version=&#8221;4.20.0&#8243; _module_preset=&#8221;default&#8221; global_colors_info=&#8221;{}&#8221;][et_pb_text admin_label=&#8221;Titel&#8221; _builder_version=&#8221;4.25.1&#8243; _module_preset=&#8221;default&#8221; global_colors_info=&#8221;{}&#8221;]<\/p>\n<h3 class=\"et_pb_module_header\">Lern-Portfolios auf ILIAS &#8211; Erziehungswissen-<br \/>schaft<\/h3>\n<p>[\/et_pb_text][et_pb_video src=&#8221;https:\/\/youtu.be\/nLqO6iSj4a4&#8243; _builder_version=&#8221;4.23.4&#8243; _module_preset=&#8221;default&#8221; global_colors_info=&#8221;{}&#8221;][\/et_pb_video][et_pb_text _builder_version=&#8221;4.25.1&#8243; _module_preset=&#8221;default&#8221; global_colors_info=&#8221;{}&#8221;]<\/p>\n<p>Dr. Thorsten Braun<br \/>Universit\u00e4t Stuttgart<\/p>\n<p>[\/et_pb_text][\/et_pb_column][\/et_pb_row][et_pb_row column_structure=&#8221;1_2,1_2&#8243; use_custom_gutter=&#8221;on&#8221; gutter_width=&#8221;2&#8243; custom_padding_last_edited=&#8221;on|tablet&#8221; admin_label=&#8221;Video&#8221; module_class=&#8221;video-module&#8221; _builder_version=&#8221;4.23.4&#8243; _module_preset=&#8221;default&#8221; custom_padding_tablet=&#8221;||0px||false|false&#8221; custom_padding_phone=&#8221;||0px||false|false&#8221; custom_css_main_element=&#8221;margin-bottom:0px;&#8221; global_colors_info=&#8221;{}&#8221;][et_pb_column type=&#8221;1_2&#8243; _builder_version=&#8221;4.20.0&#8243; _module_preset=&#8221;default&#8221; custom_css_main_element=&#8221;margin-bottom:0px;&#8221; global_colors_info=&#8221;{}&#8221;][et_pb_text admin_label=&#8221;Titel&#8221; _builder_version=&#8221;4.25.1&#8243; _module_preset=&#8221;default&#8221; global_colors_info=&#8221;{}&#8221;]<\/p>\n<h3 class=\"et_pb_module_header\">Asynchrone Open-Book-Pr\u00fcfung \/ Chemie<\/h3>\n<p>[\/et_pb_text][et_pb_text admin_label=&#8221;Titel&#8221; _builder_version=&#8221;4.25.1&#8243; _module_preset=&#8221;default&#8221; global_colors_info=&#8221;{}&#8221;]<\/p>\n<p><a href=\"https:\/\/www.pocketguide.uni-konstanz.de\/asynchrone_open-book_pruefung_ILIAS\"><img loading=\"lazy\" decoding=\"async\" class=\"wp-image-2661 alignnone size-medium\" src=\"https:\/\/www.hdz-bawue.de\/wp-content\/uploads\/2024\/07\/PePP_cover-300x180.png\" alt=\"\" width=\"300\" height=\"180\" srcset=\"https:\/\/www.hdz-bawue.de\/wp-content\/uploads\/2024\/07\/PePP_cover-300x180.png 300w, https:\/\/www.hdz-bawue.de\/wp-content\/uploads\/2024\/07\/PePP_cover.png 320w\" sizes=\"(max-width: 300px) 100vw, 300px\" \/><\/a><\/p>\n<p>[\/et_pb_text][et_pb_text admin_label=&#8221;Titel&#8221; _builder_version=&#8221;4.25.1&#8243; _module_preset=&#8221;default&#8221; global_colors_info=&#8221;{}&#8221;]<\/p>\n<p class=\"et_pb_module_header\">Dr. Michael Blumenschein, Dr. Chris Hutter-Sumowski, Prof. Dr. Michael Kovermann &amp; Dr. Susan Reichelt, Universit\u00e4t Konstanz<\/p>\n<p>[\/et_pb_text][\/et_pb_column][et_pb_column type=&#8221;1_2&#8243; _builder_version=&#8221;4.20.0&#8243; _module_preset=&#8221;default&#8221; global_colors_info=&#8221;{}&#8221;][et_pb_text admin_label=&#8221;Titel&#8221; _builder_version=&#8221;4.25.1&#8243; _module_preset=&#8221;default&#8221; global_colors_info=&#8221;{}&#8221;]<\/p>\n<h3 class=\"et_pb_module_header\">E-Klausur \/ Biologie<\/h3>\n<p>[\/et_pb_text][et_pb_text admin_label=&#8221;Titel&#8221; _builder_version=&#8221;4.25.1&#8243; _module_preset=&#8221;default&#8221; global_colors_info=&#8221;{}&#8221;]<\/p>\n<p><a href=\"https:\/\/www.hdz-bawue.de\/wp-content\/uploads\/2024\/04\/PePP-Good-Practice-Vorstellung_Freiburg.pdf\"><img loading=\"lazy\" decoding=\"async\" class=\"wp-image-2628 alignnone size-medium\" src=\"https:\/\/www.hdz-bawue.de\/wp-content\/uploads\/2024\/05\/Screenshot-62-300x203.png\" alt=\"\" width=\"300\" height=\"203\"><\/a><br \/><a href=\"https:\/\/www.hdz-bawue.de\/wp-content\/uploads\/2024\/04\/PePP-Good-Practice-Vorstellung_Freiburg.pdf\">Beispiel einer E-Klausur im Fachbereich Biologie<\/a><\/p>\n<p>&nbsp;<\/p>\n<p>&nbsp;<\/p>\n<p>[\/et_pb_text][et_pb_text admin_label=&#8221;Titel&#8221; _builder_version=&#8221;4.25.1&#8243; _module_preset=&#8221;default&#8221; global_colors_info=&#8221;{}&#8221;]<\/p>\n<p>Dr. Janina Kirsch, Universit\u00e4t Freiburg<\/p>\n<p>[\/et_pb_text][\/et_pb_column][\/et_pb_row][et_pb_row column_structure=&#8221;1_2,1_2&#8243; use_custom_gutter=&#8221;on&#8221; gutter_width=&#8221;2&#8243; custom_padding_last_edited=&#8221;on|tablet&#8221; admin_label=&#8221;Video&#8221; module_class=&#8221;video-module&#8221; _builder_version=&#8221;4.23.4&#8243; _module_preset=&#8221;default&#8221; custom_padding_tablet=&#8221;||0px||false|false&#8221; custom_padding_phone=&#8221;||0px||false|false&#8221; custom_css_main_element=&#8221;margin-bottom:0px;&#8221; global_colors_info=&#8221;{}&#8221;][et_pb_column type=&#8221;1_2&#8243; _builder_version=&#8221;4.20.0&#8243; _module_preset=&#8221;default&#8221; custom_css_main_element=&#8221;margin-bottom:0px;&#8221; global_colors_info=&#8221;{}&#8221;][et_pb_text admin_label=&#8221;Titel&#8221; _builder_version=&#8221;4.25.1&#8243; _module_preset=&#8221;default&#8221; global_colors_info=&#8221;{}&#8221;]<\/p>\n<h3 class=\"et_pb_module_header\">E-Klausur &#8211; Sportwissenschaft\/Ger\u00e4teturnen<\/h3>\n<p>[\/et_pb_text][et_pb_text admin_label=&#8221;Titel&#8221; _builder_version=&#8221;4.25.1&#8243; _module_preset=&#8221;default&#8221; global_colors_info=&#8221;{}&#8221;]<\/p>\n<p><img loading=\"lazy\" decoding=\"async\" class=\"wp-image-2676 alignnone size-medium\" src=\"https:\/\/www.hdz-bawue.de\/wp-content\/uploads\/2024\/07\/Screenshot-1-300x170.png\" alt=\"\" width=\"300\" height=\"170\"><\/p>\n<p><a href=\"https:\/\/www.hdz-bawue.de\/wp-content\/uploads\/2024\/07\/Good-Practice-Beispiel-Nr2.pdf\">Beispiel E-Klausur Sportwissenschaft<\/a><\/p>\n<p>&nbsp;<\/p>\n<p>[\/et_pb_text][et_pb_text admin_label=&#8221;Titel&#8221; _builder_version=&#8221;4.25.1&#8243; _module_preset=&#8221;default&#8221; global_colors_info=&#8221;{}&#8221;]<\/p>\n<p class=\"et_pb_module_header\">Dr. Flavio Bessi, Universit\u00e4t Freiburg<\/p>\n<p>[\/et_pb_text][\/et_pb_column][et_pb_column type=&#8221;1_2&#8243; _builder_version=&#8221;4.20.0&#8243; _module_preset=&#8221;default&#8221; global_colors_info=&#8221;{}&#8221;][et_pb_text admin_label=&#8221;Titel&#8221; _builder_version=&#8221;4.27.0&#8243; _module_preset=&#8221;default&#8221; global_colors_info=&#8221;{}&#8221;]<\/p>\n<h3 class=\"et_pb_module_header\">Poolraum-Pr\u00fcfung \u2013 P\u00e4dagogische Psychologie<\/h3>\n<p>[\/et_pb_text][et_pb_video src=&#8221;https:\/\/youtu.be\/CRQwvqrCQCU&#8221; src_last_edited=&#8221;off|desktop&#8221; _builder_version=&#8221;4.25.1&#8243; _module_preset=&#8221;default&#8221; global_colors_info=&#8221;{}&#8221;][\/et_pb_video][et_pb_text admin_label=&#8221;Titel&#8221; _builder_version=&#8221;4.25.1&#8243; _module_preset=&#8221;default&#8221; global_colors_info=&#8221;{}&#8221;]<\/p>\n<p class=\"et_pb_module_header\">Prof. Dr. Oliver Dickh\u00e4user Universit\u00e4t Mannheim<\/p>\n<p>[\/et_pb_text][\/et_pb_column][\/et_pb_row][et_pb_row column_structure=&#8221;1_2,1_2&#8243; use_custom_gutter=&#8221;on&#8221; gutter_width=&#8221;2&#8243; custom_padding_last_edited=&#8221;on|tablet&#8221; admin_label=&#8221;Video&#8221; module_class=&#8221;video-module&#8221; _builder_version=&#8221;4.23.4&#8243; _module_preset=&#8221;default&#8221; custom_padding_tablet=&#8221;||0px||false|false&#8221; custom_padding_phone=&#8221;||0px||false|false&#8221; custom_css_main_element=&#8221;margin-bottom:0px;&#8221; global_colors_info=&#8221;{}&#8221;][et_pb_column type=&#8221;1_2&#8243; _builder_version=&#8221;4.20.0&#8243; _module_preset=&#8221;default&#8221; custom_css_main_element=&#8221;margin-bottom:0px;&#8221; global_colors_info=&#8221;{}&#8221;][et_pb_text admin_label=&#8221;Titel&#8221; _builder_version=&#8221;4.27.0&#8243; _module_preset=&#8221;default&#8221; global_colors_info=&#8221;{}&#8221;]<\/p>\n<h3 class=\"title desktop-only\">Bring-Your-Own-Device-Pr\u00fcfung \u2013 Germanistische Linguistik<\/h3>\n<h3 class=\"et_pb_module_header\"> <\/h3>\n<p>[\/et_pb_text][et_pb_video src=&#8221;https:\/\/youtu.be\/U_qLkD-5_lk&#8221; src_last_edited=&#8221;off|desktop&#8221; _builder_version=&#8221;4.25.1&#8243; _module_preset=&#8221;default&#8221; global_colors_info=&#8221;{}&#8221;][\/et_pb_video][et_pb_text admin_label=&#8221;Titel&#8221; _builder_version=&#8221;4.27.0&#8243; _module_preset=&#8221;default&#8221; global_colors_info=&#8221;{}&#8221;]<\/p>\n<p class=\"et_pb_module_header\">Dr. Leonie Br\u00f6cher, Universit\u00e4t Mannheim<\/p>\n<p>[\/et_pb_text][\/et_pb_column][et_pb_column type=&#8221;1_2&#8243; _builder_version=&#8221;4.20.0&#8243; _module_preset=&#8221;default&#8221; global_colors_info=&#8221;{}&#8221;][\/et_pb_column][\/et_pb_row][\/et_pb_section]<\/p>\n","protected":false},"excerpt":{"rendered":"<p>ServicesBest practice collection.In our best practice collection on examinations and assessments you will find examples from various universities and subject areas.ILIAS E-Pr\u00fcfungen &#8211; Kommunikations-wissenschaftTobias Schrimpf und Jan DvorakUniversit\u00e4t Hohenheimon Campus online Pr\u00fcfungen &#8211; \u00d6kologie und Biodiversit\u00e4tDr. Nils AnthesUniversit\u00e4t T\u00fcbingenSynchrones online Testformat auf ILIAS &#8211; Baubetrieb und Bauprozess-managementM. eng. Paul Christian JohnKarlsruher Institut f\u00fcr Technologie Lern-Portfolios [&hellip;]<\/p>\n","protected":false},"author":4,"featured_media":0,"parent":0,"menu_order":0,"comment_status":"closed","ping_status":"closed","template":"","meta":{"_acf_changed":false,"_et_pb_use_builder":"on","_et_pb_old_content":"","_et_gb_content_width":"","inline_featured_image":false,"footnotes":""},"class_list":["post-2512","page","type-page","status-publish","hentry"],"acf":[],"yoast_head":"<!-- This site is optimized with the Yoast SEO plugin v27.2 - https:\/\/yoast.com\/product\/yoast-seo-wordpress\/ -->\n<title>Best practice collection \u201cExaminations and assessments\u201d - HDZ<\/title>\n<meta name=\"robots\" content=\"index, follow, max-snippet:-1, max-image-preview:large, max-video-preview:-1\" \/>\n<link rel=\"canonical\" href=\"https:\/\/www.hdz-bawue.de\/en\/best-practice-collection-examinations-and-assessments\/\" \/>\n<meta property=\"og:locale\" content=\"en_US\" \/>\n<meta property=\"og:type\" content=\"article\" \/>\n<meta property=\"og:title\" content=\"Best practice collection \u201cExaminations and assessments\u201d - HDZ\" \/>\n<meta property=\"og:description\" content=\"ServicesBest practice collection.In our best practice collection on examinations and assessments you will find examples from various universities and subject areas.ILIAS E-Pr\u00fcfungen - Kommunikations-wissenschaftTobias Schrimpf und Jan DvorakUniversit\u00e4t Hohenheimon Campus online Pr\u00fcfungen - \u00d6kologie und Biodiversit\u00e4tDr. Nils AnthesUniversit\u00e4t T\u00fcbingenSynchrones online Testformat auf ILIAS - Baubetrieb und Bauprozess-managementM. eng. Paul Christian JohnKarlsruher Institut f\u00fcr Technologie Lern-Portfolios [&hellip;]\" \/>\n<meta property=\"og:url\" content=\"https:\/\/www.hdz-bawue.de\/en\/best-practice-collection-examinations-and-assessments\/\" \/>\n<meta property=\"og:site_name\" content=\"HDZ\" \/>\n<meta property=\"article:modified_time\" content=\"2025-02-27T08:22:52+00:00\" \/>\n<meta property=\"og:image\" content=\"https:\/\/www.hdz-bawue.de\/wp-content\/uploads\/2024\/07\/PePP_cover-300x180.png\" \/>\n<meta name=\"twitter:card\" content=\"summary_large_image\" \/>\n<meta name=\"twitter:label1\" content=\"Est. reading time\" \/>\n\t<meta name=\"twitter:data1\" content=\"2 minutes\" \/>\n<script type=\"application\/ld+json\" class=\"yoast-schema-graph\">{\"@context\":\"https:\/\/schema.org\",\"@graph\":[{\"@type\":\"WebPage\",\"@id\":\"https:\/\/www.hdz-bawue.de\/en\/best-practice-collection-examinations-and-assessments\/\",\"url\":\"https:\/\/www.hdz-bawue.de\/en\/best-practice-collection-examinations-and-assessments\/\",\"name\":\"Best practice collection \u201cExaminations and assessments\u201d - HDZ\",\"isPartOf\":{\"@id\":\"https:\/\/www.hdz-bawue.de\/#website\"},\"primaryImageOfPage\":{\"@id\":\"https:\/\/www.hdz-bawue.de\/en\/best-practice-collection-examinations-and-assessments\/#primaryimage\"},\"image\":{\"@id\":\"https:\/\/www.hdz-bawue.de\/en\/best-practice-collection-examinations-and-assessments\/#primaryimage\"},\"thumbnailUrl\":\"https:\/\/www.hdz-bawue.de\/wp-content\/uploads\/2024\/07\/PePP_cover-300x180.png\",\"datePublished\":\"2024-03-21T09:41:02+00:00\",\"dateModified\":\"2025-02-27T08:22:52+00:00\",\"breadcrumb\":{\"@id\":\"https:\/\/www.hdz-bawue.de\/en\/best-practice-collection-examinations-and-assessments\/#breadcrumb\"},\"inLanguage\":\"en-US\",\"potentialAction\":[{\"@type\":\"ReadAction\",\"target\":[\"https:\/\/www.hdz-bawue.de\/en\/best-practice-collection-examinations-and-assessments\/\"]}]},{\"@type\":\"ImageObject\",\"inLanguage\":\"en-US\",\"@id\":\"https:\/\/www.hdz-bawue.de\/en\/best-practice-collection-examinations-and-assessments\/#primaryimage\",\"url\":\"https:\/\/www.hdz-bawue.de\/wp-content\/uploads\/2024\/07\/PePP_cover-300x180.png\",\"contentUrl\":\"https:\/\/www.hdz-bawue.de\/wp-content\/uploads\/2024\/07\/PePP_cover-300x180.png\"},{\"@type\":\"BreadcrumbList\",\"@id\":\"https:\/\/www.hdz-bawue.de\/en\/best-practice-collection-examinations-and-assessments\/#breadcrumb\",\"itemListElement\":[{\"@type\":\"ListItem\",\"position\":1,\"name\":\"Startseite\",\"item\":\"https:\/\/www.hdz-bawue.de\/en\/\"},{\"@type\":\"ListItem\",\"position\":2,\"name\":\"Best practice collection \u201cExaminations and assessments\u201d\"}]},{\"@type\":\"WebSite\",\"@id\":\"https:\/\/www.hdz-bawue.de\/#website\",\"url\":\"https:\/\/www.hdz-bawue.de\/\",\"name\":\"HDZ\",\"description\":\"\",\"potentialAction\":[{\"@type\":\"SearchAction\",\"target\":{\"@type\":\"EntryPoint\",\"urlTemplate\":\"https:\/\/www.hdz-bawue.de\/?s={search_term_string}\"},\"query-input\":{\"@type\":\"PropertyValueSpecification\",\"valueRequired\":true,\"valueName\":\"search_term_string\"}}],\"inLanguage\":\"en-US\"}]}<\/script>\n<!-- \/ Yoast SEO plugin. -->","yoast_head_json":{"title":"Best practice collection \u201cExaminations and assessments\u201d - HDZ","robots":{"index":"index","follow":"follow","max-snippet":"max-snippet:-1","max-image-preview":"max-image-preview:large","max-video-preview":"max-video-preview:-1"},"canonical":"https:\/\/www.hdz-bawue.de\/en\/best-practice-collection-examinations-and-assessments\/","og_locale":"en_US","og_type":"article","og_title":"Best practice collection \u201cExaminations and assessments\u201d - HDZ","og_description":"ServicesBest practice collection.In our best practice collection on examinations and assessments you will find examples from various universities and subject areas.ILIAS E-Pr\u00fcfungen - Kommunikations-wissenschaftTobias Schrimpf und Jan DvorakUniversit\u00e4t Hohenheimon Campus online Pr\u00fcfungen - \u00d6kologie und Biodiversit\u00e4tDr. Nils AnthesUniversit\u00e4t T\u00fcbingenSynchrones online Testformat auf ILIAS - Baubetrieb und Bauprozess-managementM. eng. Paul Christian JohnKarlsruher Institut f\u00fcr Technologie Lern-Portfolios [&hellip;]","og_url":"https:\/\/www.hdz-bawue.de\/en\/best-practice-collection-examinations-and-assessments\/","og_site_name":"HDZ","article_modified_time":"2025-02-27T08:22:52+00:00","og_image":[{"url":"https:\/\/www.hdz-bawue.de\/wp-content\/uploads\/2024\/07\/PePP_cover-300x180.png","type":"","width":"","height":""}],"twitter_card":"summary_large_image","twitter_misc":{"Est. reading time":"2 minutes"},"schema":{"@context":"https:\/\/schema.org","@graph":[{"@type":"WebPage","@id":"https:\/\/www.hdz-bawue.de\/en\/best-practice-collection-examinations-and-assessments\/","url":"https:\/\/www.hdz-bawue.de\/en\/best-practice-collection-examinations-and-assessments\/","name":"Best practice collection \u201cExaminations and assessments\u201d - HDZ","isPartOf":{"@id":"https:\/\/www.hdz-bawue.de\/#website"},"primaryImageOfPage":{"@id":"https:\/\/www.hdz-bawue.de\/en\/best-practice-collection-examinations-and-assessments\/#primaryimage"},"image":{"@id":"https:\/\/www.hdz-bawue.de\/en\/best-practice-collection-examinations-and-assessments\/#primaryimage"},"thumbnailUrl":"https:\/\/www.hdz-bawue.de\/wp-content\/uploads\/2024\/07\/PePP_cover-300x180.png","datePublished":"2024-03-21T09:41:02+00:00","dateModified":"2025-02-27T08:22:52+00:00","breadcrumb":{"@id":"https:\/\/www.hdz-bawue.de\/en\/best-practice-collection-examinations-and-assessments\/#breadcrumb"},"inLanguage":"en-US","potentialAction":[{"@type":"ReadAction","target":["https:\/\/www.hdz-bawue.de\/en\/best-practice-collection-examinations-and-assessments\/"]}]},{"@type":"ImageObject","inLanguage":"en-US","@id":"https:\/\/www.hdz-bawue.de\/en\/best-practice-collection-examinations-and-assessments\/#primaryimage","url":"https:\/\/www.hdz-bawue.de\/wp-content\/uploads\/2024\/07\/PePP_cover-300x180.png","contentUrl":"https:\/\/www.hdz-bawue.de\/wp-content\/uploads\/2024\/07\/PePP_cover-300x180.png"},{"@type":"BreadcrumbList","@id":"https:\/\/www.hdz-bawue.de\/en\/best-practice-collection-examinations-and-assessments\/#breadcrumb","itemListElement":[{"@type":"ListItem","position":1,"name":"Startseite","item":"https:\/\/www.hdz-bawue.de\/en\/"},{"@type":"ListItem","position":2,"name":"Best practice collection \u201cExaminations and assessments\u201d"}]},{"@type":"WebSite","@id":"https:\/\/www.hdz-bawue.de\/#website","url":"https:\/\/www.hdz-bawue.de\/","name":"HDZ","description":"","potentialAction":[{"@type":"SearchAction","target":{"@type":"EntryPoint","urlTemplate":"https:\/\/www.hdz-bawue.de\/?s={search_term_string}"},"query-input":{"@type":"PropertyValueSpecification","valueRequired":true,"valueName":"search_term_string"}}],"inLanguage":"en-US"}]}},"publishpress_future_action":{"enabled":false,"date":"2026-05-10 14:53:45","action":"change-status","newStatus":"draft","terms":[],"taxonomy":"translation_priority","extraData":[]},"publishpress_future_workflow_manual_trigger":{"enabledWorkflows":[]},"_links":{"self":[{"href":"https:\/\/www.hdz-bawue.de\/en\/wp-json\/wp\/v2\/pages\/2512","targetHints":{"allow":["GET"]}}],"collection":[{"href":"https:\/\/www.hdz-bawue.de\/en\/wp-json\/wp\/v2\/pages"}],"about":[{"href":"https:\/\/www.hdz-bawue.de\/en\/wp-json\/wp\/v2\/types\/page"}],"author":[{"embeddable":true,"href":"https:\/\/www.hdz-bawue.de\/en\/wp-json\/wp\/v2\/users\/4"}],"replies":[{"embeddable":true,"href":"https:\/\/www.hdz-bawue.de\/en\/wp-json\/wp\/v2\/comments?post=2512"}],"version-history":[{"count":6,"href":"https:\/\/www.hdz-bawue.de\/en\/wp-json\/wp\/v2\/pages\/2512\/revisions"}],"predecessor-version":[{"id":2933,"href":"https:\/\/www.hdz-bawue.de\/en\/wp-json\/wp\/v2\/pages\/2512\/revisions\/2933"}],"wp:attachment":[{"href":"https:\/\/www.hdz-bawue.de\/en\/wp-json\/wp\/v2\/media?parent=2512"}],"curies":[{"name":"wp","href":"https:\/\/api.w.org\/{rel}","templated":true}]}}