{"id":3037,"date":"2025-05-05T07:50:38","date_gmt":"2025-05-05T05:50:38","guid":{"rendered":"https:\/\/www.hdz-bawue.de\/?page_id=3037"},"modified":"2025-11-07T10:59:03","modified_gmt":"2025-11-07T09:59:03","slug":"ai-in-university-teaching","status":"publish","type":"page","link":"https:\/\/www.hdz-bawue.de\/en\/ai-in-university-teaching\/","title":{"rendered":"AI in university teaching"},"content":{"rendered":"<p>[et_pb_section fb_built=&#8221;1&#8243; custom_padding_last_edited=&#8221;on|desktop&#8221; admin_label=&#8221;section&#8221; _builder_version=&#8221;4.20.0&#8243; background_color=&#8221;#FFFFFF&#8221; background_image=&#8221;https:\/\/www.hdz-bawue.de\/wp-content\/uploads\/2023\/04\/headerbild.png&#8221; custom_padding=&#8221;200px||0px||false|false&#8221; custom_padding_tablet=&#8221;200px||||false|false&#8221; custom_padding_phone=&#8221;200px||||false|false&#8221; global_colors_info=&#8221;{}&#8221;][et_pb_row module_class=&#8221;welle-oben&#8221; _builder_version=&#8221;4.20.0&#8243; _module_preset=&#8221;default&#8221; width=&#8221;100%&#8221; max_width=&#8221;100vw&#8221; custom_padding=&#8221;0px||0px||false|false&#8221; locked=&#8221;off&#8221; global_colors_info=&#8221;{}&#8221;][et_pb_column type=&#8221;4_4&#8243; _builder_version=&#8221;4.20.0&#8243; _module_preset=&#8221;default&#8221; global_colors_info=&#8221;{}&#8221;][et_pb_image src=&#8221;https:\/\/www.hdz-bawue.de\/wp-content\/uploads\/2023\/04\/welle_oben.png&#8221; title_text=&#8221;welle_oben&#8221; _builder_version=&#8221;4.20.0&#8243; _module_preset=&#8221;default&#8221; width=&#8221;100%&#8221; global_colors_info=&#8221;{}&#8221;][\/et_pb_image][\/et_pb_column][\/et_pb_row][et_pb_row use_custom_gutter=&#8221;on&#8221; gutter_width=&#8221;1&#8243; make_equal=&#8221;on&#8221; custom_padding_last_edited=&#8221;on|desktop&#8221; admin_label=&#8221;row&#8221; module_class=&#8221;finish-project&#8221; _builder_version=&#8221;4.20.0&#8243; background_size=&#8221;initial&#8221; background_position=&#8221;top_left&#8221; background_repeat=&#8221;repeat&#8221; module_alignment=&#8221;center&#8221; custom_margin=&#8221;||||false|false&#8221; custom_margin_tablet=&#8221;0px||||false|false&#8221; custom_margin_phone=&#8221;0px||||false|false&#8221; custom_margin_last_edited=&#8221;on|desktop&#8221; custom_padding=&#8221;130px||40px||false|false&#8221; custom_padding_tablet=&#8221;50px||0px||false|false&#8221; custom_padding_phone=&#8221;20px||0px||false|false&#8221; global_colors_info=&#8221;{}&#8221;][et_pb_column type=&#8221;4_4&#8243; _builder_version=&#8221;4.20.0&#8243; custom_padding=&#8221;|||&#8221; custom_css_main_element=&#8221;margin:auto;&#8221; global_colors_info=&#8221;{}&#8221; custom_padding__hover=&#8221;|||&#8221;][et_pb_text admin_label=&#8221;KI in der Hochschullehre&#8221; module_class=&#8221;sub-headline&#8221; _builder_version=&#8221;4.27.4&#8243; _module_preset=&#8221;default&#8221; custom_padding=&#8221;||30px||false|false&#8221; global_colors_info=&#8221;{}&#8221;]<\/p>\n<p><strong>AI in university teaching<\/strong><\/p>\n<p>[\/et_pb_text][et_pb_text admin_label=&#8221;KI in der Hochschullehre&#8221; _builder_version=&#8221;4.27.4&#8243; _module_preset=&#8221;default&#8221; custom_padding=&#8221;||30px||false|false&#8221; global_colors_info=&#8221;{}&#8221;]<\/p>\n<h1>AI in university teaching<\/h1>\n<p>[\/et_pb_text][et_pb_text admin_label=&#8221;Text&#8221; _builder_version=&#8221;4.27.4&#8243; _module_preset=&#8221;default&#8221; locked=&#8221;off&#8221; global_colors_info=&#8221;{}&#8221;]<\/p>\n<p>The potential, challenges and diverse usage scenarios of (generative) AI in the university context are currently being discussed extensively and from different perspectives. The range of available sources of information is correspondingly wide. <br \/>The following events and materials provide specific suggestions for use in teaching. <\/p>\n<p>[\/et_pb_text][\/et_pb_column][\/et_pb_row][et_pb_row use_custom_gutter=&#8221;on&#8221; gutter_width=&#8221;1&#8243; make_equal=&#8221;on&#8221; custom_padding_last_edited=&#8221;on|desktop&#8221; admin_label=&#8221;row&#8221; module_class=&#8221;finish-project&#8221; _builder_version=&#8221;4.20.0&#8243; background_size=&#8221;initial&#8221; background_position=&#8221;top_left&#8221; background_repeat=&#8221;repeat&#8221; module_alignment=&#8221;center&#8221; custom_margin=&#8221;||||false|false&#8221; custom_margin_tablet=&#8221;0px||||false|false&#8221; custom_margin_phone=&#8221;0px||||false|false&#8221; custom_margin_last_edited=&#8221;on|desktop&#8221; custom_padding=&#8221;0px||90px||false|false&#8221; custom_padding_tablet=&#8221;50px||0px||false|false&#8221; custom_padding_phone=&#8221;20px||0px||false|false&#8221; global_colors_info=&#8221;{}&#8221;][et_pb_column type=&#8221;4_4&#8243; _builder_version=&#8221;4.20.0&#8243; custom_padding=&#8221;|||&#8221; custom_css_main_element=&#8221;margin:auto;&#8221; global_colors_info=&#8221;{}&#8221; custom_padding__hover=&#8221;|||&#8221;][et_pb_blurb title=&#8221;Further training &#8221; content_max_width=&#8221;100%&#8221; admin_label=&#8221;Weiterbildungsangebot&#8221; _builder_version=&#8221;4.27.4&#8243; _module_preset=&#8221;default&#8221; custom_margin=&#8221;||35px||false|false&#8221; hover_enabled=&#8221;0&#8243; locked=&#8221;off&#8221; global_colors_info=&#8221;{}&#8221; sticky_enabled=&#8221;0&#8243;]<\/p>\n<p>As part of our HDZ program, we offer numerous workshops on the topic of AI. You can find an overview <a href=\"https:\/\/tcmanager.scc.kit.edu\/hdz\/courses.do?\">here<\/a>.<\/p>\n<p>The University Network for Digitalization in Teaching (HNDBW) offers a self-study course on AI. You can find it <a href=\"https:\/\/www.hnd-bw.de\/themen\/hnd-bw-ag-ki-schulungsmodul\/\">here<\/a>.<\/p>\n<p>[\/et_pb_blurb][et_pb_blurb title=&#8221;Helpful links &#8211; materials for teachers&#8221; content_max_width=&#8221;100%&#8221; admin_label=&#8221;Material Links&#8221; _builder_version=&#8221;4.27.4&#8243; _module_preset=&#8221;default&#8221; custom_margin=&#8221;||35px||false|false&#8221; locked=&#8221;off&#8221; global_colors_info=&#8221;{}&#8221;]<\/p>\n<ul>\n<li>Universit\u00e4t Hohenheim:\u00a0<a href=\"https:\/\/www.uni-hohenheim.de\/service-lehre-ki-in-der-hochschule\">https:\/\/www.uni-hohenheim.de\/service-lehre-ki-in-der-hochschule<\/a><\/li>\n<li>Universit\u00e4t Mannheim: <a href=\"https:\/\/www.uni-mannheim.de\/zll\/lehre-gestalten\/beratung-und-service\/beratung-zu-chatgpt\/\">https:\/\/www.uni-mannheim.de\/zll\/lehre-gestalten\/beratung-und-service\/beratung-zu-chatgpt\/<\/a><\/li>\n<li>Universit\u00e4t Heidelberg: <a href=\"https:\/\/www.heiskills.uni-heidelberg.de\/de\/kuenstliche-intelligenz-in-studium-und-lehre\">https:\/\/www.heiskills.uni-heidelberg.de\/de\/kuenstliche-intelligenz-in-studium-und-lehre<\/a><\/li>\n<li>Universit\u00e4t Ulm: <a href=\"https:\/\/www.kicu-ulm.de\/\">https:\/\/www.kicu-ulm.de\/<\/a><\/li>\n<\/ul>\n<p><strong>Weitere Informationen rund um den Einsatz von KI<\/strong><\/p>\n<ul>\n<li><a href=\"https:\/\/www.uni-hohenheim.de\/fileadmin\/uni_hohenheim\/Intranet_MA\/Haeufig-genutzt\/Serviceportal_Lehre\/Didaktik\/KI_in_der_Hochschullehre\/European_Commission_2024_Living_guidelines_on_responsible_use_generative_AI_in_research.pdf\">Guidelines zum verantwortungsbewussten Umgang mit generativen KI in der Forschung (PDF)<\/a> (Europ. Kommission)<\/li>\n<li><a href=\"https:\/\/www.youtube.com\/watch?v=-c8ogAwX6KI\">ChatGPT f\u00fcr Nichtinformatiker*innen<\/a> \u2013 Video-Einf\u00fchrung in die technischen Grundlagen<\/li>\n<li><a href=\"https:\/\/hochschulforumdigitalisierung.de\/dossier\/generative-ki\/\">Generative KI<\/a> \u2013 Ein Dossier des Hochschulforum Digitalisierung<\/li>\n<li><a href=\"https:\/\/coda.io\/@ki-campus\/prompt-katalog\">Katalog erprobter Prompts<\/a> aus den Anwendungskontexten im Bereich der Hochschullehre<\/li>\n<li><a href=\"https:\/\/www.bmbf.de\/bmbf\/de\/bildung\/bildungsforschung\/wissenschafts-und-hochschulforschung\/ki-in-der-hochschulbildung\/ki-in-der-hochschulbildung_node.html\">KI in der Hochschulbildung<\/a> \u2013 Eine Seite des Bundesministeriums f\u00fcr Bildung und Forschung<\/li>\n<li><a href=\"https:\/\/www.e-teaching.org\/praxis\/themenspecials\/ki-in-der-hochschulpraxis\">KI in der Hochschulpraxis<\/a> \u2013 Themenspecial von e-teaching.org<\/li>\n<li><a href=\"https:\/\/youtu.be\/iebF-5RimgY\">K\u00fcnstliche Intelligenz in der Hochschullehre<\/a> \u2013 Video-Einf\u00fchrung<\/li>\n<li><a href=\"https:\/\/hochschulforumdigitalisierung.de\/selbstlernmaterialien-prompt-labor\/\">Prompt-Labor<\/a> des Hochschulforum Digitalisierung (HFD) und des KI-Campus<\/li>\n<li><a href=\"https:\/\/aipioneers.org\/knowledge-base\/\">AI Pioneers Toolkit<\/a> &#8211; Empfehlungen zur Curriculumentwicklung mit Blick auf die Integration von KI-Kompetenzen, Best Practices im Einsatz von KI in Schule, Studium und Weiterbildung sowie eine Sammlung von KI-Anwendungen.<\/li>\n<li>KI Campus: <a href=\"https:\/\/ki-campus.org\/\">https:\/\/ki-campus.org\/<\/a><\/li>\n<li>Hochschulnetzwerk Digitalisierung der Lehre Baden-W\u00fcrttemberg (HND-BW): <a href=\"https:\/\/www.hnd-bw.de\/\">https:\/\/www.hnd-bw.de\/<\/a><\/li>\n<li>Deutscher Bildungsserver, Schwerpunkt K\u00fcnstliche Intelligenz (KI) an Hochschulen: <a href=\"https:\/\/www.bildungsserver.de\/hochschulbildung\/kuenstliche-intelligenz-ki-an-hochschulen-12012-de.html\">https:\/\/www.bildungsserver.de\/hochschulbildung\/kuenstliche-intelligenz-ki-an-hochschulen-12012-de.html\u00a0<\/a><\/li>\n<li>Deutsches Forschungszentrum f\u00fcr K\u00fcnstliche Intelligenz, Schwerpunkt Educational Technology Lab: <a href=\"https:\/\/www.dfki.de\/web\/forschung\/forschungsbereiche\/educational-technology-lab\">https:\/\/www.dfki.de\/web\/forschung\/forschungsbereiche\/educational-technology-lab<\/a><\/li>\n<\/ul>\n<p>[\/et_pb_blurb][et_pb_blurb title=&#8221;Selbstlernkurs&#8221; content_max_width=&#8221;100%&#8221; admin_label=&#8221;Selbstlernkurs&#8221; _builder_version=&#8221;4.27.4&#8243; _module_preset=&#8221;default&#8221; custom_margin=&#8221;||35px||false|false&#8221; locked=&#8221;off&#8221; global_colors_info=&#8221;{}&#8221;]<\/p>\n<p>Melden Sie sich hier kostenlos zum MINI-Selbstlernkurs \u201eGenerative K\u00fcnstliche Intelligenz als Unterst\u00fctzung bei der Arbeit als Lehrperson\u201c der Hochschuldidaktik-Akademie an:<br \/><a href=\"https:\/\/hochschuldidaktik-akademie.de\/selbstlernkurse\/mini-kurs-generative-kunstliche-intelligenz-fur-lehrpersonen\/\" target=\"_blank\" rel=\"noopener\">https:\/\/hochschuldidaktik-akademie.de\/selbstlernkurse\/mini-kurs-generative-kunstliche-intelligenz-fur-lehrpersonen\/<\/a><\/p>\n<p>Sie k\u00f6nnen auch per App auf den Kurs zugreifen und\/oder sich hier anmelden:<br \/>ios: <a href=\"https:\/\/apps.apple.com\/de\/app\/hochschuldidaktik-akademie\/id6695729037?l=en-GB\" target=\"_blank\" rel=\"noopener\">https:\/\/apps.apple.com\/de\/app\/hochschuldidaktik-akademie\/id6695729037?l=en-GB<\/a><br \/>android: <a href=\"https:\/\/play.google.com\/store\/search?q=Hochschuldidaktik-Akademie&amp;c=apps\" target=\"_blank\" rel=\"noopener\">https:\/\/play.google.com\/store\/search?q=Hochschuldidaktik-Akademie&amp;amp;c=apps<\/a><\/p>\n<p>Hat der MINI-Kurs Ihr Interesse geweckt, dann k\u00f6nnen Sie sich als Angeh\u00f6riger einer baden- w\u00fcrttembergischen Universit\u00e4t oder P\u00e4dagogischen Hochschule kostenlos f\u00fcr den Erweiterungskurs &#8220;So professionalisieren Sie Ihre Arbeit als Lehrperson mit generativer KI&#8221; einschreiben.<\/p>\n<p>1. Melden Sie sich hierf\u00fcr zun\u00e4chst f\u00fcr die \u201eSchleuse zum Erweiterungskurs\u201c an. Bitte nutzen Sie daf\u00fcr unbedingt Ihre Hochschul-E-Mail-Adresse, denn nur dann werden Sie aus der Schleuse in den eigentlichen Kurs weitergeleitet.<a href=\"https:\/\/ulrike-hanke.app.mentortools.com\/ng\/SUcufcdoCIOKUOS3VXRSYR\" target=\"_blank\" rel=\"noopener\">https:\/\/ulrike-hanke.app.mentortools.com\/ng\/SUcufcdoCIOKUOS3VXRSYR <\/a>.<\/p>\n<p>2. Sie werden dann binnen zwei Tagen in den eigentlichen Kurs weitergeleitet. Sobald dies erfolgt ist, erhalten Sie eine E-Mail mit dem Betreff \u201eIhre Zugangsdaten von Ulrike Hanke\u201c. Nun haben Sie Zugriff auf den eigentlichen Kurs.<\/p>\n<p>3. Nun k\u00f6nnen Sie mit Ihrem bekannten Zugangsdaten \u00fcber die bekannte Seite und auch in der App auf den Kurs zugreifen: <a href=\"https:\/\/ulrike-hanke.app.mentortools.com\" target=\"_blank\" rel=\"noopener\">https:\/\/ulrike-hanke.app.mentortools.com<\/a>. Bitte beachten Sie also: Nach Ihrer Anmeldung f\u00fcr die \u201eSchleuse\u201c haben Sie zun\u00e4chst noch keinen Zugang zum eigentlichen Kurs. Bitte warten Sie einfach ab. Nach zwei Werktagen erhalten Sie Zugang zum eigentlichen Kurs.<\/p>\n<p>4. Lehrende der Universit\u00e4t Hohenheim haben \u00fcber ihre Einrichtungen einen <a href=\"https:\/\/ilias.uni-hohenheim.de\/login.php?target=cat_451&amp;cmd=force_login&amp;lang=de\">direkten Zugang<\/a> zum Kurs.<\/p>\n<p>[\/et_pb_blurb][\/et_pb_column][\/et_pb_row][\/et_pb_section]<\/p>\n","protected":false},"excerpt":{"rendered":"<p>AI in university teachingAI in university teachingThe potential, challenges and diverse usage scenarios of (generative) AI in the university context are currently being discussed extensively and from different perspectives. The range of available sources of information is correspondingly wide. The following events and materials provide specific suggestions for use in teaching. As part of our [&hellip;]<\/p>\n","protected":false},"author":1,"featured_media":0,"parent":0,"menu_order":0,"comment_status":"closed","ping_status":"closed","template":"","meta":{"_acf_changed":false,"_et_pb_use_builder":"on","_et_pb_old_content":"","_et_gb_content_width":"","inline_featured_image":false,"footnotes":""},"class_list":["post-3037","page","type-page","status-publish","hentry"],"acf":[],"yoast_head":"<!-- This site is optimized with the Yoast SEO plugin v27.2 - https:\/\/yoast.com\/product\/yoast-seo-wordpress\/ -->\n<title>AI in university teaching - HDZ<\/title>\n<meta name=\"robots\" content=\"index, follow, max-snippet:-1, max-image-preview:large, max-video-preview:-1\" \/>\n<link rel=\"canonical\" href=\"https:\/\/www.hdz-bawue.de\/en\/ai-in-university-teaching\/\" \/>\n<meta property=\"og:locale\" content=\"en_US\" \/>\n<meta property=\"og:type\" content=\"article\" \/>\n<meta property=\"og:title\" content=\"AI in university teaching - HDZ\" \/>\n<meta property=\"og:description\" content=\"AI in university teachingAI in university teachingThe potential, challenges and diverse usage scenarios of (generative) AI in the university context are currently being discussed extensively and from different perspectives. The range of available sources of information is correspondingly wide. The following events and materials provide specific suggestions for use in teaching. As part of our [&hellip;]\" \/>\n<meta property=\"og:url\" content=\"https:\/\/www.hdz-bawue.de\/en\/ai-in-university-teaching\/\" \/>\n<meta property=\"og:site_name\" content=\"HDZ\" \/>\n<meta property=\"article:modified_time\" content=\"2025-11-07T09:59:03+00:00\" \/>\n<meta name=\"twitter:card\" content=\"summary_large_image\" \/>\n<meta name=\"twitter:label1\" content=\"Est. reading time\" \/>\n\t<meta name=\"twitter:data1\" content=\"3 minutes\" \/>\n<script type=\"application\/ld+json\" class=\"yoast-schema-graph\">{\"@context\":\"https:\/\/schema.org\",\"@graph\":[{\"@type\":\"WebPage\",\"@id\":\"https:\/\/www.hdz-bawue.de\/en\/ai-in-university-teaching\/\",\"url\":\"https:\/\/www.hdz-bawue.de\/en\/ai-in-university-teaching\/\",\"name\":\"AI in university teaching - HDZ\",\"isPartOf\":{\"@id\":\"https:\/\/www.hdz-bawue.de\/#website\"},\"datePublished\":\"2025-05-05T05:50:38+00:00\",\"dateModified\":\"2025-11-07T09:59:03+00:00\",\"breadcrumb\":{\"@id\":\"https:\/\/www.hdz-bawue.de\/en\/ai-in-university-teaching\/#breadcrumb\"},\"inLanguage\":\"en-US\",\"potentialAction\":[{\"@type\":\"ReadAction\",\"target\":[\"https:\/\/www.hdz-bawue.de\/en\/ai-in-university-teaching\/\"]}]},{\"@type\":\"BreadcrumbList\",\"@id\":\"https:\/\/www.hdz-bawue.de\/en\/ai-in-university-teaching\/#breadcrumb\",\"itemListElement\":[{\"@type\":\"ListItem\",\"position\":1,\"name\":\"Startseite\",\"item\":\"https:\/\/www.hdz-bawue.de\/en\/\"},{\"@type\":\"ListItem\",\"position\":2,\"name\":\"AI in university teaching\"}]},{\"@type\":\"WebSite\",\"@id\":\"https:\/\/www.hdz-bawue.de\/#website\",\"url\":\"https:\/\/www.hdz-bawue.de\/\",\"name\":\"HDZ\",\"description\":\"\",\"potentialAction\":[{\"@type\":\"SearchAction\",\"target\":{\"@type\":\"EntryPoint\",\"urlTemplate\":\"https:\/\/www.hdz-bawue.de\/?s={search_term_string}\"},\"query-input\":{\"@type\":\"PropertyValueSpecification\",\"valueRequired\":true,\"valueName\":\"search_term_string\"}}],\"inLanguage\":\"en-US\"}]}<\/script>\n<!-- \/ Yoast SEO plugin. -->","yoast_head_json":{"title":"AI in university teaching - HDZ","robots":{"index":"index","follow":"follow","max-snippet":"max-snippet:-1","max-image-preview":"max-image-preview:large","max-video-preview":"max-video-preview:-1"},"canonical":"https:\/\/www.hdz-bawue.de\/en\/ai-in-university-teaching\/","og_locale":"en_US","og_type":"article","og_title":"AI in university teaching - HDZ","og_description":"AI in university teachingAI in university teachingThe potential, challenges and diverse usage scenarios of (generative) AI in the university context are currently being discussed extensively and from different perspectives. The range of available sources of information is correspondingly wide. The following events and materials provide specific suggestions for use in teaching. As part of our [&hellip;]","og_url":"https:\/\/www.hdz-bawue.de\/en\/ai-in-university-teaching\/","og_site_name":"HDZ","article_modified_time":"2025-11-07T09:59:03+00:00","twitter_card":"summary_large_image","twitter_misc":{"Est. reading time":"3 minutes"},"schema":{"@context":"https:\/\/schema.org","@graph":[{"@type":"WebPage","@id":"https:\/\/www.hdz-bawue.de\/en\/ai-in-university-teaching\/","url":"https:\/\/www.hdz-bawue.de\/en\/ai-in-university-teaching\/","name":"AI in university teaching - HDZ","isPartOf":{"@id":"https:\/\/www.hdz-bawue.de\/#website"},"datePublished":"2025-05-05T05:50:38+00:00","dateModified":"2025-11-07T09:59:03+00:00","breadcrumb":{"@id":"https:\/\/www.hdz-bawue.de\/en\/ai-in-university-teaching\/#breadcrumb"},"inLanguage":"en-US","potentialAction":[{"@type":"ReadAction","target":["https:\/\/www.hdz-bawue.de\/en\/ai-in-university-teaching\/"]}]},{"@type":"BreadcrumbList","@id":"https:\/\/www.hdz-bawue.de\/en\/ai-in-university-teaching\/#breadcrumb","itemListElement":[{"@type":"ListItem","position":1,"name":"Startseite","item":"https:\/\/www.hdz-bawue.de\/en\/"},{"@type":"ListItem","position":2,"name":"AI in university teaching"}]},{"@type":"WebSite","@id":"https:\/\/www.hdz-bawue.de\/#website","url":"https:\/\/www.hdz-bawue.de\/","name":"HDZ","description":"","potentialAction":[{"@type":"SearchAction","target":{"@type":"EntryPoint","urlTemplate":"https:\/\/www.hdz-bawue.de\/?s={search_term_string}"},"query-input":{"@type":"PropertyValueSpecification","valueRequired":true,"valueName":"search_term_string"}}],"inLanguage":"en-US"}]}},"publishpress_future_action":{"enabled":false,"date":"2026-05-10 13:32:24","action":"change-status","newStatus":"draft","terms":[],"taxonomy":"translation_priority","extraData":[]},"publishpress_future_workflow_manual_trigger":{"enabledWorkflows":[]},"_links":{"self":[{"href":"https:\/\/www.hdz-bawue.de\/en\/wp-json\/wp\/v2\/pages\/3037","targetHints":{"allow":["GET"]}}],"collection":[{"href":"https:\/\/www.hdz-bawue.de\/en\/wp-json\/wp\/v2\/pages"}],"about":[{"href":"https:\/\/www.hdz-bawue.de\/en\/wp-json\/wp\/v2\/types\/page"}],"author":[{"embeddable":true,"href":"https:\/\/www.hdz-bawue.de\/en\/wp-json\/wp\/v2\/users\/1"}],"replies":[{"embeddable":true,"href":"https:\/\/www.hdz-bawue.de\/en\/wp-json\/wp\/v2\/comments?post=3037"}],"version-history":[{"count":10,"href":"https:\/\/www.hdz-bawue.de\/en\/wp-json\/wp\/v2\/pages\/3037\/revisions"}],"predecessor-version":[{"id":3250,"href":"https:\/\/www.hdz-bawue.de\/en\/wp-json\/wp\/v2\/pages\/3037\/revisions\/3250"}],"wp:attachment":[{"href":"https:\/\/www.hdz-bawue.de\/en\/wp-json\/wp\/v2\/media?parent=3037"}],"curies":[{"name":"wp","href":"https:\/\/api.w.org\/{rel}","templated":true}]}}